{"id":15713,"date":"2025-01-17T10:01:19","date_gmt":"2025-01-17T10:01:19","guid":{"rendered":"https:\/\/promochaudiere.be\/produit\/dab-surpresseur-hydrophore-e-sybox-mini-60212597\/"},"modified":"2026-02-03T19:40:10","modified_gmt":"2026-02-03T18:40:10","slug":"dab-surpresseur-hydrophore-e-sybox-mini-60212597","status":"publish","type":"product","link":"https:\/\/promochaudiere.be\/product\/dab-surpresseur-hydrophore-e-sybox-mini-60212597\/","title":{"rendered":"DAB SURPRESSEUR\/HYDROPHORE E.SYBOX MINI 60212597"},"content":{"rendered":"<p>Ce surpresseur innovant garantit une pression d\u2019eau stable dans les installations domestiques. Il int\u00e8gre un r\u00e9gulateur \u00e9lectronique qui optimise son fonctionnement. Son moteur silencieux r\u00e9duit les nuisances sonores lors de l\u2019utilisation. Facile \u00e0 installer, il est adapt\u00e9 aux syst\u00e8mes de distribution d\u2019eau r\u00e9sidentiels. Son design compact permet un gain de place important. Une technologie avanc\u00e9e pour une alimentation en eau fiable et performante.<\/p>","protected":false},"excerpt":{"rendered":"<p>DAB SURPRESSEUR\/HYDROPHORE E.SYBOX MINI 60212597<\/p>","protected":false},"featured_media":21182,"comment_status":"open","ping_status":"closed","template":"","meta":[],"product_brand":[],"product_cat":[298],"product_tag":[],"class_list":{"0":"post-15713","1":"product","2":"type-product","3":"status-publish","4":"has-post-thumbnail","6":"product_cat-pompe","7":"pa_marque-dab","9":"first","10":"instock","11":"sale","12":"taxable","13":"shipping-taxable","14":"purchasable","15":"product-type-simple"},"aioseo_notices":[],"_links":{"self":[{"href":"https:\/\/promochaudiere.be\/nl\/wp-json\/wp\/v2\/product\/15713","targetHints":{"allow":["GET"]}}],"collection":[{"href":"https:\/\/promochaudiere.be\/nl\/wp-json\/wp\/v2\/product"}],"about":[{"href":"https:\/\/promochaudiere.be\/nl\/wp-json\/wp\/v2\/types\/product"}],"replies":[{"embeddable":true,"href":"https:\/\/promochaudiere.be\/nl\/wp-json\/wp\/v2\/comments?post=15713"}],"version-history":[{"count":1,"href":"https:\/\/promochaudiere.be\/nl\/wp-json\/wp\/v2\/product\/15713\/revisions"}],"predecessor-version":[{"id":44585,"href":"https:\/\/promochaudiere.be\/nl\/wp-json\/wp\/v2\/product\/15713\/revisions\/44585"}],"wp:featuredmedia":[{"embeddable":true,"href":"https:\/\/promochaudiere.be\/nl\/wp-json\/wp\/v2\/media\/21182"}],"wp:attachment":[{"href":"https:\/\/promochaudiere.be\/nl\/wp-json\/wp\/v2\/media?parent=15713"}],"wp:term":[{"taxonomy":"product_brand","embeddable":true,"href":"https:\/\/promochaudiere.be\/nl\/wp-json\/wp\/v2\/product_brand?post=15713"},{"taxonomy":"product_cat","embeddable":true,"href":"https:\/\/promochaudiere.be\/nl\/wp-json\/wp\/v2\/product_cat?post=15713"},{"taxonomy":"product_tag","embeddable":true,"href":"https:\/\/promochaudiere.be\/nl\/wp-json\/wp\/v2\/product_tag?post=15713"}],"curies":[{"name":"wp","href":"https:\/\/api.w.org\/{rel}","templated":true}]}}