{"id":15719,"date":"2025-01-17T10:01:21","date_gmt":"2025-01-17T10:01:21","guid":{"rendered":"https:\/\/promochaudiere.be\/produit\/reflex-vase-d%c2%92expansion-reflex-epdm-n300-300-l-8215300\/"},"modified":"2026-02-03T19:40:12","modified_gmt":"2026-02-03T18:40:12","slug":"reflex-vase-dexpansion-reflex-epdm-n300-300-l-8215300","status":"publish","type":"product","link":"https:\/\/promochaudiere.be\/nl\/product\/reflex-vase-dexpansion-reflex-epdm-n300-300-l-8215300\/","title":{"rendered":"Reflex vase d&rsquo;expansion reflex epdm n300 &#8211; 300 l 8215300"},"content":{"rendered":"<p>Le vase Reflex N300 de 300 litres garantit une stabilit\u00e9 de pression optimale dans les syst\u00e8mes de chauffage central. Sa membrane EPDM haute performance assure une protection contre les variations de pression et prolonge la dur\u00e9e de vie des \u00e9quipements. Son installation simple en fait un choix id\u00e9al pour les syst\u00e8mes de grande capacit\u00e9.<\/p>","protected":false},"excerpt":{"rendered":"<p>Reflex vase d&rsquo;expansion reflex epdm n300 &#8211; 300 l 8215300<\/p>","protected":false},"featured_media":21123,"comment_status":"open","ping_status":"closed","template":"","meta":[],"product_brand":[],"product_cat":[11001],"product_tag":[],"class_list":{"0":"post-15719","1":"product","2":"type-product","3":"status-publish","4":"has-post-thumbnail","6":"product_cat-vase-dexpansion-chauffage","7":"pa_marque-reflex","9":"first","10":"instock","11":"sale","12":"taxable","13":"shipping-taxable","14":"purchasable","15":"product-type-simple"},"aioseo_notices":[],"_links":{"self":[{"href":"https:\/\/promochaudiere.be\/nl\/wp-json\/wp\/v2\/product\/15719","targetHints":{"allow":["GET"]}}],"collection":[{"href":"https:\/\/promochaudiere.be\/nl\/wp-json\/wp\/v2\/product"}],"about":[{"href":"https:\/\/promochaudiere.be\/nl\/wp-json\/wp\/v2\/types\/product"}],"replies":[{"embeddable":true,"href":"https:\/\/promochaudiere.be\/nl\/wp-json\/wp\/v2\/comments?post=15719"}],"version-history":[{"count":1,"href":"https:\/\/promochaudiere.be\/nl\/wp-json\/wp\/v2\/product\/15719\/revisions"}],"predecessor-version":[{"id":44581,"href":"https:\/\/promochaudiere.be\/nl\/wp-json\/wp\/v2\/product\/15719\/revisions\/44581"}],"wp:featuredmedia":[{"embeddable":true,"href":"https:\/\/promochaudiere.be\/nl\/wp-json\/wp\/v2\/media\/21123"}],"wp:attachment":[{"href":"https:\/\/promochaudiere.be\/nl\/wp-json\/wp\/v2\/media?parent=15719"}],"wp:term":[{"taxonomy":"product_brand","embeddable":true,"href":"https:\/\/promochaudiere.be\/nl\/wp-json\/wp\/v2\/product_brand?post=15719"},{"taxonomy":"product_cat","embeddable":true,"href":"https:\/\/promochaudiere.be\/nl\/wp-json\/wp\/v2\/product_cat?post=15719"},{"taxonomy":"product_tag","embeddable":true,"href":"https:\/\/promochaudiere.be\/nl\/wp-json\/wp\/v2\/product_tag?post=15719"}],"curies":[{"name":"wp","href":"https:\/\/api.w.org\/{rel}","templated":true}]}}