{"id":15731,"date":"2025-01-17T10:01:25","date_gmt":"2025-01-17T10:01:25","guid":{"rendered":"https:\/\/promochaudiere.be\/produit\/ariston-chauffe-eau-electrique-hybride-lydos-80l-classe-erp-a-tap-m-3629179\/"},"modified":"2026-02-03T18:17:06","modified_gmt":"2026-02-03T17:17:06","slug":"ariston-chauffe-eau-electrique-hybride-lydos-80l-classe-erp-a-tap-m-3629179","status":"publish","type":"product","link":"https:\/\/promochaudiere.be\/nl\/product\/ariston-chauffe-eau-electrique-hybride-lydos-80l-classe-erp-a-tap-m-3629179\/","title":{"rendered":"ARISTON CHAUFFE-EAU ELECTRIQUE HYBRIDE LYDOS 80L CLASSE ERP A TAP M 3629179"},"content":{"rendered":"<p>Le chauffe-eau hybride Ariston Lydos est une r\u00e9volution dans la gestion de l\u2019eau chaude sanitaire, combinant technologie \u00e9lectrique et innovation \u00e9cologique pour maximiser les performances tout en r\u00e9duisant la consommation \u00e9nerg\u00e9tique. Avec une capacit\u00e9 g\u00e9n\u00e9reuse de 80 litres, ce mod\u00e8le est id\u00e9al pour les foyers de taille moyenne, r\u00e9pondant aux besoins quotidiens en eau chaude. \u00c9quip\u00e9 d&rsquo;une technologie hybride avanc\u00e9e, il optimise les cycles de chauffe pour limiter les pertes \u00e9nerg\u00e9tiques et r\u00e9duire votre empreinte \u00e9cologique. Son design moderne et \u00e9pur\u00e9 s\u2019int\u00e8gre parfaitement dans tout type d\u2019int\u00e9rieur. <\/p>","protected":false},"excerpt":{"rendered":"<p>ARISTON CHAUFFE-EAU ELECTRIQUE HYBRIDE LYDOS 80L CLASSE ERP A TAP M 3629179<\/p>","protected":false},"featured_media":21060,"comment_status":"open","ping_status":"closed","template":"","meta":[],"product_brand":[],"product_cat":[538],"product_tag":[],"class_list":{"0":"post-15731","1":"product","2":"type-product","3":"status-publish","4":"has-post-thumbnail","6":"product_cat-boiler-ariston","7":"pa_marque-ariston","9":"first","10":"instock","11":"sale","12":"taxable","13":"shipping-taxable","14":"purchasable","15":"product-type-simple"},"aioseo_notices":[],"_links":{"self":[{"href":"https:\/\/promochaudiere.be\/nl\/wp-json\/wp\/v2\/product\/15731","targetHints":{"allow":["GET"]}}],"collection":[{"href":"https:\/\/promochaudiere.be\/nl\/wp-json\/wp\/v2\/product"}],"about":[{"href":"https:\/\/promochaudiere.be\/nl\/wp-json\/wp\/v2\/types\/product"}],"replies":[{"embeddable":true,"href":"https:\/\/promochaudiere.be\/nl\/wp-json\/wp\/v2\/comments?post=15731"}],"version-history":[{"count":1,"href":"https:\/\/promochaudiere.be\/nl\/wp-json\/wp\/v2\/product\/15731\/revisions"}],"predecessor-version":[{"id":44572,"href":"https:\/\/promochaudiere.be\/nl\/wp-json\/wp\/v2\/product\/15731\/revisions\/44572"}],"wp:featuredmedia":[{"embeddable":true,"href":"https:\/\/promochaudiere.be\/nl\/wp-json\/wp\/v2\/media\/21060"}],"wp:attachment":[{"href":"https:\/\/promochaudiere.be\/nl\/wp-json\/wp\/v2\/media?parent=15731"}],"wp:term":[{"taxonomy":"product_brand","embeddable":true,"href":"https:\/\/promochaudiere.be\/nl\/wp-json\/wp\/v2\/product_brand?post=15731"},{"taxonomy":"product_cat","embeddable":true,"href":"https:\/\/promochaudiere.be\/nl\/wp-json\/wp\/v2\/product_cat?post=15731"},{"taxonomy":"product_tag","embeddable":true,"href":"https:\/\/promochaudiere.be\/nl\/wp-json\/wp\/v2\/product_tag?post=15731"}],"curies":[{"name":"wp","href":"https:\/\/api.w.org\/{rel}","templated":true}]}}