{"id":15736,"date":"2025-01-17T10:01:27","date_gmt":"2025-01-17T10:01:27","guid":{"rendered":"https:\/\/promochaudiere.be\/produit\/dab-kit-divertron-900-comfort-60209597h\/"},"modified":"2026-02-03T19:40:13","modified_gmt":"2026-02-03T18:40:13","slug":"dab-kit-divertron-900-comfort-60209597h","status":"publish","type":"product","link":"https:\/\/promochaudiere.be\/nl\/product\/dab-kit-divertron-900-comfort-60209597h\/","title":{"rendered":"DAB Kit DIVERTRON 900 COMFORT 60209597H"},"content":{"rendered":"<p>Ce kit complet assure une alimentation automatique en eau depuis un puits ou une citerne. Il inclut une pompe Divertron 900 performante et un syst\u00e8me de r\u00e9gulation. Son installation simple permet un fonctionnement imm\u00e9diat sans r\u00e9glages complexes. Il offre un d\u00e9bit stable et une pression optimale pour les besoins domestiques. Son moteur silencieux assure un confort d\u2019utilisation. Une solution cl\u00e9 en main pour une gestion autonome de l\u2019eau.<\/p>","protected":false},"excerpt":{"rendered":"<p>DAB Kit DIVERTRON 900 COMFORT 60209597H<\/p>","protected":false},"featured_media":21181,"comment_status":"open","ping_status":"closed","template":"","meta":[],"product_brand":[],"product_cat":[298],"product_tag":[],"class_list":{"0":"post-15736","1":"product","2":"type-product","3":"status-publish","4":"has-post-thumbnail","6":"product_cat-pompe","7":"pa_marque-dab","9":"first","10":"instock","11":"sale","12":"taxable","13":"shipping-taxable","14":"purchasable","15":"product-type-simple"},"aioseo_notices":[],"_links":{"self":[{"href":"https:\/\/promochaudiere.be\/nl\/wp-json\/wp\/v2\/product\/15736","targetHints":{"allow":["GET"]}}],"collection":[{"href":"https:\/\/promochaudiere.be\/nl\/wp-json\/wp\/v2\/product"}],"about":[{"href":"https:\/\/promochaudiere.be\/nl\/wp-json\/wp\/v2\/types\/product"}],"replies":[{"embeddable":true,"href":"https:\/\/promochaudiere.be\/nl\/wp-json\/wp\/v2\/comments?post=15736"}],"version-history":[{"count":1,"href":"https:\/\/promochaudiere.be\/nl\/wp-json\/wp\/v2\/product\/15736\/revisions"}],"predecessor-version":[{"id":44568,"href":"https:\/\/promochaudiere.be\/nl\/wp-json\/wp\/v2\/product\/15736\/revisions\/44568"}],"wp:featuredmedia":[{"embeddable":true,"href":"https:\/\/promochaudiere.be\/nl\/wp-json\/wp\/v2\/media\/21181"}],"wp:attachment":[{"href":"https:\/\/promochaudiere.be\/nl\/wp-json\/wp\/v2\/media?parent=15736"}],"wp:term":[{"taxonomy":"product_brand","embeddable":true,"href":"https:\/\/promochaudiere.be\/nl\/wp-json\/wp\/v2\/product_brand?post=15736"},{"taxonomy":"product_cat","embeddable":true,"href":"https:\/\/promochaudiere.be\/nl\/wp-json\/wp\/v2\/product_cat?post=15736"},{"taxonomy":"product_tag","embeddable":true,"href":"https:\/\/promochaudiere.be\/nl\/wp-json\/wp\/v2\/product_tag?post=15736"}],"curies":[{"name":"wp","href":"https:\/\/api.w.org\/{rel}","templated":true}]}}