{"id":15739,"date":"2025-01-17T10:01:28","date_gmt":"2025-01-17T10:01:28","guid":{"rendered":"https:\/\/promochaudiere.be\/produit\/bosch-grouoe-de-pompage-pour-chaudiere-murale-a-condens-a-condensation-7000-70kw-7736701864\/"},"modified":"2026-02-03T18:17:08","modified_gmt":"2026-02-03T17:17:08","slug":"bosch-grouoe-de-pompage-pour-chaudiere-murale-a-condens-a-condensation-7000-70kw-7736701864","status":"publish","type":"product","link":"https:\/\/promochaudiere.be\/nl\/product\/bosch-grouoe-de-pompage-pour-chaudiere-murale-a-condens-a-condensation-7000-70kw-7736701864\/","title":{"rendered":"BOSCH GROUOE DE POMPAGE POUR CHAUDIERE MURALE A CONDENS A CONDENSATION 7000 70KW 7736701864"},"content":{"rendered":"<p>La pompe de groupe Bosch pour chaudi\u00e8re murale \u00e0 condensation 7000 70 kW est un composant essentiel dans le syst\u00e8me de chauffage, con\u00e7u pour garantir une circulation optimale de l&rsquo;eau dans les installations \u00e0 haute performance. Cette pompe permet d&rsquo;assurer le bon fonctionnement de la chaudi\u00e8re en maintenant un d\u00e9bit stable et en optimisant les performances \u00e9nerg\u00e9tiques de l&rsquo;appareil. Compatible avec les chaudi\u00e8res murales \u00e0 condensation, elle contribue \u00e0 maximiser l&rsquo;efficacit\u00e9 de l&rsquo;\u00e9change thermique, r\u00e9duisant ainsi la consommation \u00e9nerg\u00e9tique et l&rsquo;impact environnemental. Gr\u00e2ce \u00e0 sa conception robuste et son int\u00e9gration pr\u00e9cise avec les chaudi\u00e8res de la gamme Bosch, elle garantit une long\u00e9vit\u00e9 et une fiabilit\u00e9 accrues dans le temps.<\/p>","protected":false},"excerpt":{"rendered":"<p>BOSCH GROUOE DE POMPAGE POUR CHAUDIERE MURALE A CONDENS A CONDENSATION 7000 70KW 7736701864<\/p>","protected":false},"featured_media":21040,"comment_status":"open","ping_status":"closed","template":"","meta":[],"product_brand":[],"product_cat":[9489],"product_tag":[],"class_list":{"0":"post-15739","1":"product","2":"type-product","3":"status-publish","4":"has-post-thumbnail","6":"product_cat-accessoire-de-raccordement-bosch","7":"pa_marque-bosch","9":"first","10":"instock","11":"sale","12":"taxable","13":"shipping-taxable","14":"purchasable","15":"product-type-simple"},"aioseo_notices":[],"_links":{"self":[{"href":"https:\/\/promochaudiere.be\/nl\/wp-json\/wp\/v2\/product\/15739","targetHints":{"allow":["GET"]}}],"collection":[{"href":"https:\/\/promochaudiere.be\/nl\/wp-json\/wp\/v2\/product"}],"about":[{"href":"https:\/\/promochaudiere.be\/nl\/wp-json\/wp\/v2\/types\/product"}],"replies":[{"embeddable":true,"href":"https:\/\/promochaudiere.be\/nl\/wp-json\/wp\/v2\/comments?post=15739"}],"version-history":[{"count":1,"href":"https:\/\/promochaudiere.be\/nl\/wp-json\/wp\/v2\/product\/15739\/revisions"}],"predecessor-version":[{"id":44565,"href":"https:\/\/promochaudiere.be\/nl\/wp-json\/wp\/v2\/product\/15739\/revisions\/44565"}],"wp:featuredmedia":[{"embeddable":true,"href":"https:\/\/promochaudiere.be\/nl\/wp-json\/wp\/v2\/media\/21040"}],"wp:attachment":[{"href":"https:\/\/promochaudiere.be\/nl\/wp-json\/wp\/v2\/media?parent=15739"}],"wp:term":[{"taxonomy":"product_brand","embeddable":true,"href":"https:\/\/promochaudiere.be\/nl\/wp-json\/wp\/v2\/product_brand?post=15739"},{"taxonomy":"product_cat","embeddable":true,"href":"https:\/\/promochaudiere.be\/nl\/wp-json\/wp\/v2\/product_cat?post=15739"},{"taxonomy":"product_tag","embeddable":true,"href":"https:\/\/promochaudiere.be\/nl\/wp-json\/wp\/v2\/product_tag?post=15739"}],"curies":[{"name":"wp","href":"https:\/\/api.w.org\/{rel}","templated":true}]}}