{"id":15740,"date":"2025-01-17T10:01:29","date_gmt":"2025-01-17T10:01:29","guid":{"rendered":"https:\/\/promochaudiere.be\/produit\/grundfos-pompe-eau-chargee-rvs-ap35b5006a1-5m-hors-recupel-96004562\/"},"modified":"2026-02-03T18:17:04","modified_gmt":"2026-02-03T17:17:04","slug":"grundfos-pompe-eau-chargee-rvs-ap35b5006a1-5m-hors-recupel-96004562","status":"publish","type":"product","link":"https:\/\/promochaudiere.be\/nl\/product\/grundfos-pompe-eau-chargee-rvs-ap35b5006a1-5m-hors-recupel-96004562\/","title":{"rendered":"Grundfos pompe eau charg\u00e9e rvs ap35b5006a1 5m hors recupel 96004562"},"content":{"rendered":"<p>La pompe Grundfos AP35B5006A1 est con\u00e7ue pour le pompage des eaux charg\u00e9es et des eaux us\u00e9es domestiques. Dot\u00e9e d\u2019un moteur puissant, elle assure une \u00e9vacuation efficace et rapide. Son bo\u00eetier en acier inoxydable garantit une r\u00e9sistance accrue \u00e0 la corrosion. Facile \u00e0 installer, elle est id\u00e9ale pour une utilisation dans les sous-sols, fosses septiques et r\u00e9servoirs. Un choix fiable pour un drainage efficace et une gestion optimale des eaux us\u00e9es.<\/p>","protected":false},"excerpt":{"rendered":"<p>Grundfos pompe eau charg\u00e9e rvs ap35b5006a1 5m hors recupel 96004562<\/p>","protected":false},"featured_media":21188,"comment_status":"open","ping_status":"closed","template":"","meta":[],"product_brand":[],"product_cat":[706],"product_tag":[],"class_list":{"0":"post-15740","1":"product","2":"type-product","3":"status-publish","4":"has-post-thumbnail","6":"product_cat-pompe-hydrophore","7":"pa_marque-grundfos","9":"first","10":"instock","11":"sale","12":"taxable","13":"shipping-taxable","14":"purchasable","15":"product-type-simple"},"aioseo_notices":[],"_links":{"self":[{"href":"https:\/\/promochaudiere.be\/nl\/wp-json\/wp\/v2\/product\/15740","targetHints":{"allow":["GET"]}}],"collection":[{"href":"https:\/\/promochaudiere.be\/nl\/wp-json\/wp\/v2\/product"}],"about":[{"href":"https:\/\/promochaudiere.be\/nl\/wp-json\/wp\/v2\/types\/product"}],"replies":[{"embeddable":true,"href":"https:\/\/promochaudiere.be\/nl\/wp-json\/wp\/v2\/comments?post=15740"}],"version-history":[{"count":1,"href":"https:\/\/promochaudiere.be\/nl\/wp-json\/wp\/v2\/product\/15740\/revisions"}],"predecessor-version":[{"id":44561,"href":"https:\/\/promochaudiere.be\/nl\/wp-json\/wp\/v2\/product\/15740\/revisions\/44561"}],"wp:featuredmedia":[{"embeddable":true,"href":"https:\/\/promochaudiere.be\/nl\/wp-json\/wp\/v2\/media\/21188"}],"wp:attachment":[{"href":"https:\/\/promochaudiere.be\/nl\/wp-json\/wp\/v2\/media?parent=15740"}],"wp:term":[{"taxonomy":"product_brand","embeddable":true,"href":"https:\/\/promochaudiere.be\/nl\/wp-json\/wp\/v2\/product_brand?post=15740"},{"taxonomy":"product_cat","embeddable":true,"href":"https:\/\/promochaudiere.be\/nl\/wp-json\/wp\/v2\/product_cat?post=15740"},{"taxonomy":"product_tag","embeddable":true,"href":"https:\/\/promochaudiere.be\/nl\/wp-json\/wp\/v2\/product_tag?post=15740"}],"curies":[{"name":"wp","href":"https:\/\/api.w.org\/{rel}","templated":true}]}}