{"id":15742,"date":"2025-01-17T10:01:29","date_gmt":"2025-01-17T10:01:29","guid":{"rendered":"https:\/\/promochaudiere.be\/produit\/reflex-vase-dexpansion-sanitaire-de-200l-10bar-7306700\/"},"modified":"2026-02-03T18:17:14","modified_gmt":"2026-02-03T17:17:14","slug":"reflex-vase-dexpansion-sanitaire-de-200l-10bar-7306700","status":"publish","type":"product","link":"https:\/\/promochaudiere.be\/nl\/product\/reflex-vase-dexpansion-sanitaire-de-200l-10bar-7306700\/","title":{"rendered":"Reflex Vase d&rsquo;expansion sanitaire de 200l 10BAR 7306700"},"content":{"rendered":"<p>Avec ses 200 litres de capacit\u00e9, ce vase d\u2019expansion Reflex est destin\u00e9 aux installations sanitaires de grande envergure. Il absorbe efficacement les variations de pression et r\u00e9duit les risques de d\u00e9t\u00e9rioration des \u00e9quipements.<\/p>","protected":false},"excerpt":{"rendered":"<p>Reflex Vase d&rsquo;expansion sanitaire de 200l 10BAR 7306700<\/p>","protected":false},"featured_media":21124,"comment_status":"open","ping_status":"closed","template":"","meta":[],"product_brand":[],"product_cat":[322],"product_tag":[],"class_list":{"0":"post-15742","1":"product","2":"type-product","3":"status-publish","4":"has-post-thumbnail","6":"product_cat-vase-dexpansion","7":"pa_marque-reflex","9":"first","10":"instock","11":"sale","12":"taxable","13":"shipping-taxable","14":"purchasable","15":"product-type-simple"},"aioseo_notices":[],"_links":{"self":[{"href":"https:\/\/promochaudiere.be\/nl\/wp-json\/wp\/v2\/product\/15742","targetHints":{"allow":["GET"]}}],"collection":[{"href":"https:\/\/promochaudiere.be\/nl\/wp-json\/wp\/v2\/product"}],"about":[{"href":"https:\/\/promochaudiere.be\/nl\/wp-json\/wp\/v2\/types\/product"}],"replies":[{"embeddable":true,"href":"https:\/\/promochaudiere.be\/nl\/wp-json\/wp\/v2\/comments?post=15742"}],"version-history":[{"count":1,"href":"https:\/\/promochaudiere.be\/nl\/wp-json\/wp\/v2\/product\/15742\/revisions"}],"predecessor-version":[{"id":44563,"href":"https:\/\/promochaudiere.be\/nl\/wp-json\/wp\/v2\/product\/15742\/revisions\/44563"}],"wp:featuredmedia":[{"embeddable":true,"href":"https:\/\/promochaudiere.be\/nl\/wp-json\/wp\/v2\/media\/21124"}],"wp:attachment":[{"href":"https:\/\/promochaudiere.be\/nl\/wp-json\/wp\/v2\/media?parent=15742"}],"wp:term":[{"taxonomy":"product_brand","embeddable":true,"href":"https:\/\/promochaudiere.be\/nl\/wp-json\/wp\/v2\/product_brand?post=15742"},{"taxonomy":"product_cat","embeddable":true,"href":"https:\/\/promochaudiere.be\/nl\/wp-json\/wp\/v2\/product_cat?post=15742"},{"taxonomy":"product_tag","embeddable":true,"href":"https:\/\/promochaudiere.be\/nl\/wp-json\/wp\/v2\/product_tag?post=15742"}],"curies":[{"name":"wp","href":"https:\/\/api.w.org\/{rel}","templated":true}]}}