{"id":15750,"date":"2025-01-17T10:01:32","date_gmt":"2025-01-17T10:01:32","guid":{"rendered":"https:\/\/promochaudiere.be\/produit\/grundfos-boitier-de-communication-lc231-pour-1-pompes-99369644\/"},"modified":"2026-02-03T18:17:08","modified_gmt":"2026-02-03T17:17:08","slug":"grundfos-boitier-de-communication-lc231-pour-1-pompes-99369644","status":"publish","type":"product","link":"https:\/\/promochaudiere.be\/nl\/product\/grundfos-boitier-de-communication-lc231-pour-1-pompes-99369644\/","title":{"rendered":"Grundfos Boitier de communication LC231 pour 1 pompes 99369644"},"content":{"rendered":"<p>Le bo\u00eetier de communication Grundfos LC231 est une solution intelligente permettant de contr\u00f4ler et de surveiller une pompe en temps r\u00e9el. Il assure une gestion efficace du fonctionnement pour optimiser les performances \u00e9nerg\u00e9tiques. Facile \u00e0 configurer, il offre une interface intuitive pour une utilisation simplifi\u00e9e. Un dispositif essentiel pour une gestion pr\u00e9cise et s\u00e9curis\u00e9e des syst\u00e8mes de pompage.<\/p>","protected":false},"excerpt":{"rendered":"<p>Grundfos Boitier de communication LC231 pour 1 pompes 99369644<\/p>","protected":false},"featured_media":21201,"comment_status":"open","ping_status":"closed","template":"","meta":[],"product_brand":[],"product_cat":[704],"product_tag":[],"class_list":{"0":"post-15750","1":"product","2":"type-product","3":"status-publish","4":"has-post-thumbnail","6":"product_cat-station-deau","7":"pa_marque-grundfos","9":"first","10":"instock","11":"sale","12":"taxable","13":"shipping-taxable","14":"purchasable","15":"product-type-simple"},"aioseo_notices":[],"_links":{"self":[{"href":"https:\/\/promochaudiere.be\/nl\/wp-json\/wp\/v2\/product\/15750","targetHints":{"allow":["GET"]}}],"collection":[{"href":"https:\/\/promochaudiere.be\/nl\/wp-json\/wp\/v2\/product"}],"about":[{"href":"https:\/\/promochaudiere.be\/nl\/wp-json\/wp\/v2\/types\/product"}],"replies":[{"embeddable":true,"href":"https:\/\/promochaudiere.be\/nl\/wp-json\/wp\/v2\/comments?post=15750"}],"version-history":[{"count":1,"href":"https:\/\/promochaudiere.be\/nl\/wp-json\/wp\/v2\/product\/15750\/revisions"}],"predecessor-version":[{"id":44557,"href":"https:\/\/promochaudiere.be\/nl\/wp-json\/wp\/v2\/product\/15750\/revisions\/44557"}],"wp:featuredmedia":[{"embeddable":true,"href":"https:\/\/promochaudiere.be\/nl\/wp-json\/wp\/v2\/media\/21201"}],"wp:attachment":[{"href":"https:\/\/promochaudiere.be\/nl\/wp-json\/wp\/v2\/media?parent=15750"}],"wp:term":[{"taxonomy":"product_brand","embeddable":true,"href":"https:\/\/promochaudiere.be\/nl\/wp-json\/wp\/v2\/product_brand?post=15750"},{"taxonomy":"product_cat","embeddable":true,"href":"https:\/\/promochaudiere.be\/nl\/wp-json\/wp\/v2\/product_cat?post=15750"},{"taxonomy":"product_tag","embeddable":true,"href":"https:\/\/promochaudiere.be\/nl\/wp-json\/wp\/v2\/product_tag?post=15750"}],"curies":[{"name":"wp","href":"https:\/\/api.w.org\/{rel}","templated":true}]}}