{"id":15751,"date":"2025-01-17T10:01:32","date_gmt":"2025-01-17T10:01:32","guid":{"rendered":"https:\/\/promochaudiere.be\/produit\/zehnder-comfoconnect-lan-kit-c-kit-installateur-passerelle-lan-comfoair-q-655011110\/"},"modified":"2026-02-03T18:17:08","modified_gmt":"2026-02-03T17:17:08","slug":"zehnder-comfoconnect-lan-kit-c-kit-installateur-passerelle-lan-comfoair-q-655011110","status":"publish","type":"product","link":"https:\/\/promochaudiere.be\/nl\/product\/zehnder-comfoconnect-lan-kit-c-kit-installateur-passerelle-lan-comfoair-q-655011110\/","title":{"rendered":"ZEHNDER COMFOCONNECT LAN KIT C-KIT INSTALLATEUR PASSERELLE LAN COMFOAIR Q 655011110"},"content":{"rendered":"<p>Ce kit Zehnder ComfoConnect LAN permet de connecter les unit\u00e9s ComfoAir Q \u00e0 un r\u00e9seau domestique pour une gestion \u00e0 distance via une interface intuitive. Il optimise le contr\u00f4le du syst\u00e8me de ventilation et am\u00e9liore la flexibilit\u00e9 des r\u00e9glages. Facile \u00e0 installer, il garantit une meilleure gestion \u00e9nerg\u00e9tique. Un \u00e9l\u00e9ment cl\u00e9 pour un confort automatis\u00e9.<\/p>","protected":false},"excerpt":{"rendered":"<p>ZEHNDER COMFOCONNECT LAN KIT C-KIT INSTALLATEUR PASSERELLE LAN COMFOAIR Q 655011110<\/p>","protected":false},"featured_media":21208,"comment_status":"open","ping_status":"closed","template":"","meta":[],"product_brand":[],"product_cat":[10895],"product_tag":[],"class_list":{"0":"post-15751","1":"product","2":"type-product","3":"status-publish","4":"has-post-thumbnail","6":"product_cat-accessoires-zehnder","7":"pa_marque-zehnder","9":"first","10":"instock","11":"sale","12":"taxable","13":"shipping-taxable","14":"purchasable","15":"product-type-simple"},"aioseo_notices":[],"_links":{"self":[{"href":"https:\/\/promochaudiere.be\/nl\/wp-json\/wp\/v2\/product\/15751","targetHints":{"allow":["GET"]}}],"collection":[{"href":"https:\/\/promochaudiere.be\/nl\/wp-json\/wp\/v2\/product"}],"about":[{"href":"https:\/\/promochaudiere.be\/nl\/wp-json\/wp\/v2\/types\/product"}],"replies":[{"embeddable":true,"href":"https:\/\/promochaudiere.be\/nl\/wp-json\/wp\/v2\/comments?post=15751"}],"version-history":[{"count":1,"href":"https:\/\/promochaudiere.be\/nl\/wp-json\/wp\/v2\/product\/15751\/revisions"}],"predecessor-version":[{"id":52774,"href":"https:\/\/promochaudiere.be\/nl\/wp-json\/wp\/v2\/product\/15751\/revisions\/52774"}],"wp:featuredmedia":[{"embeddable":true,"href":"https:\/\/promochaudiere.be\/nl\/wp-json\/wp\/v2\/media\/21208"}],"wp:attachment":[{"href":"https:\/\/promochaudiere.be\/nl\/wp-json\/wp\/v2\/media?parent=15751"}],"wp:term":[{"taxonomy":"product_brand","embeddable":true,"href":"https:\/\/promochaudiere.be\/nl\/wp-json\/wp\/v2\/product_brand?post=15751"},{"taxonomy":"product_cat","embeddable":true,"href":"https:\/\/promochaudiere.be\/nl\/wp-json\/wp\/v2\/product_cat?post=15751"},{"taxonomy":"product_tag","embeddable":true,"href":"https:\/\/promochaudiere.be\/nl\/wp-json\/wp\/v2\/product_tag?post=15751"}],"curies":[{"name":"wp","href":"https:\/\/api.w.org\/{rel}","templated":true}]}}