{"id":15754,"date":"2025-01-17T10:01:33","date_gmt":"2025-01-17T10:01:33","guid":{"rendered":"https:\/\/promochaudiere.be\/produit\/grundfos-circulateur-chauffage-central-magna3-25-40-l180-6-4-97924244\/"},"modified":"2026-02-03T19:40:13","modified_gmt":"2026-02-03T18:40:13","slug":"grundfos-circulateur-chauffage-central-magna3-25-40-l180-6-4-97924244","status":"publish","type":"product","link":"https:\/\/promochaudiere.be\/nl\/product\/grundfos-circulateur-chauffage-central-magna3-25-40-l180-6-4-97924244\/","title":{"rendered":"Grundfos circulateur  chauffage central magna3 25-40   L180 6\/4  97924244"},"content":{"rendered":"<p>Le circulateur Grundfos Magna3 25-40 est con\u00e7u pour am\u00e9liorer la circulation de l\u2019eau dans les syst\u00e8mes de chauffage central. Gr\u00e2ce \u00e0 sa technologie avanc\u00e9e, il ajuste automatiquement sa vitesse en fonction des besoins, garantissant ainsi une consommation \u00e9nerg\u00e9tique r\u00e9duite. Son moteur haute efficacit\u00e9 assure un fonctionnement silencieux et fiable. Facile \u00e0 installer, il est compatible avec diff\u00e9rents types d\u2019installations. Un choix id\u00e9al pour un chauffage performant et \u00e9conomique.<\/p>","protected":false},"excerpt":{"rendered":"<p>Grundfos circulateur  chauffage central magna3 25-40   L180 6\/4  97924244<\/p>","protected":false},"featured_media":21088,"comment_status":"open","ping_status":"closed","template":"","meta":[],"product_brand":[],"product_cat":[660],"product_tag":[],"class_list":{"0":"post-15754","1":"product","2":"type-product","3":"status-publish","4":"has-post-thumbnail","6":"product_cat-circulateur","7":"pa_marque-grundfos","9":"first","10":"instock","11":"sale","12":"taxable","13":"shipping-taxable","14":"purchasable","15":"product-type-simple"},"aioseo_notices":[],"_links":{"self":[{"href":"https:\/\/promochaudiere.be\/nl\/wp-json\/wp\/v2\/product\/15754","targetHints":{"allow":["GET"]}}],"collection":[{"href":"https:\/\/promochaudiere.be\/nl\/wp-json\/wp\/v2\/product"}],"about":[{"href":"https:\/\/promochaudiere.be\/nl\/wp-json\/wp\/v2\/types\/product"}],"replies":[{"embeddable":true,"href":"https:\/\/promochaudiere.be\/nl\/wp-json\/wp\/v2\/comments?post=15754"}],"version-history":[{"count":1,"href":"https:\/\/promochaudiere.be\/nl\/wp-json\/wp\/v2\/product\/15754\/revisions"}],"predecessor-version":[{"id":44555,"href":"https:\/\/promochaudiere.be\/nl\/wp-json\/wp\/v2\/product\/15754\/revisions\/44555"}],"wp:featuredmedia":[{"embeddable":true,"href":"https:\/\/promochaudiere.be\/nl\/wp-json\/wp\/v2\/media\/21088"}],"wp:attachment":[{"href":"https:\/\/promochaudiere.be\/nl\/wp-json\/wp\/v2\/media?parent=15754"}],"wp:term":[{"taxonomy":"product_brand","embeddable":true,"href":"https:\/\/promochaudiere.be\/nl\/wp-json\/wp\/v2\/product_brand?post=15754"},{"taxonomy":"product_cat","embeddable":true,"href":"https:\/\/promochaudiere.be\/nl\/wp-json\/wp\/v2\/product_cat?post=15754"},{"taxonomy":"product_tag","embeddable":true,"href":"https:\/\/promochaudiere.be\/nl\/wp-json\/wp\/v2\/product_tag?post=15754"}],"curies":[{"name":"wp","href":"https:\/\/api.w.org\/{rel}","templated":true}]}}