{"id":15757,"date":"2025-01-17T10:01:34","date_gmt":"2025-01-17T10:01:34","guid":{"rendered":"https:\/\/promochaudiere.be\/produit\/paktermo-plt-tuyau-gaz-dn40-6-4-par-rouleau-de-30m-p260530\/"},"modified":"2026-02-03T18:17:08","modified_gmt":"2026-02-03T17:17:08","slug":"paktermo-plt-tuyau-gaz-dn40-6-4-par-rouleau-de-30m-p260530","status":"publish","type":"product","link":"https:\/\/promochaudiere.be\/nl\/product\/paktermo-plt-tuyau-gaz-dn40-6-4-par-rouleau-de-30m-p260530\/","title":{"rendered":"PAKTERMO PLT TUYAU GAZ DN40 (6\/4&Prime;) PAR ROULEAU DE 30M P260530"},"content":{"rendered":"<p>Ce tuyau de gaz PAKTERMO PLT DN40 (6\/4&Prime;) en rouleau de 30m est con\u00e7u pour les installations n\u00e9cessitant un d\u00e9bit plus important. Il assure un transport s\u00e9curis\u00e9 du gaz tout en offrant une excellente r\u00e9sistance aux fuites et aux variations de pression. Sa structure renforc\u00e9e garantit une installation durable et conforme aux normes de s\u00e9curit\u00e9. Facile \u00e0 poser, il s\u2019adapte aux besoins des installations domestiques et industrielles. Un \u00e9l\u00e9ment essentiel pour assurer un r\u00e9seau de gaz performant et s\u00e9curis\u00e9.<\/p>","protected":false},"excerpt":{"rendered":"<p>PAKTERMO PLT TUYAU GAZ DN40 (6\/4&Prime;) PAR ROULEAU DE 30M P260530<\/p>","protected":false},"featured_media":21114,"comment_status":"open","ping_status":"closed","template":"","meta":[],"product_brand":[],"product_cat":[820],"product_tag":[],"class_list":{"0":"post-15757","1":"product","2":"type-product","3":"status-publish","4":"has-post-thumbnail","6":"product_cat-plt-gaz","7":"pa_marque-paktermo","9":"first","10":"instock","11":"sale","12":"taxable","13":"shipping-taxable","14":"purchasable","15":"product-type-simple"},"aioseo_notices":[],"_links":{"self":[{"href":"https:\/\/promochaudiere.be\/nl\/wp-json\/wp\/v2\/product\/15757","targetHints":{"allow":["GET"]}}],"collection":[{"href":"https:\/\/promochaudiere.be\/nl\/wp-json\/wp\/v2\/product"}],"about":[{"href":"https:\/\/promochaudiere.be\/nl\/wp-json\/wp\/v2\/types\/product"}],"replies":[{"embeddable":true,"href":"https:\/\/promochaudiere.be\/nl\/wp-json\/wp\/v2\/comments?post=15757"}],"version-history":[{"count":1,"href":"https:\/\/promochaudiere.be\/nl\/wp-json\/wp\/v2\/product\/15757\/revisions"}],"predecessor-version":[{"id":44552,"href":"https:\/\/promochaudiere.be\/nl\/wp-json\/wp\/v2\/product\/15757\/revisions\/44552"}],"wp:featuredmedia":[{"embeddable":true,"href":"https:\/\/promochaudiere.be\/nl\/wp-json\/wp\/v2\/media\/21114"}],"wp:attachment":[{"href":"https:\/\/promochaudiere.be\/nl\/wp-json\/wp\/v2\/media?parent=15757"}],"wp:term":[{"taxonomy":"product_brand","embeddable":true,"href":"https:\/\/promochaudiere.be\/nl\/wp-json\/wp\/v2\/product_brand?post=15757"},{"taxonomy":"product_cat","embeddable":true,"href":"https:\/\/promochaudiere.be\/nl\/wp-json\/wp\/v2\/product_cat?post=15757"},{"taxonomy":"product_tag","embeddable":true,"href":"https:\/\/promochaudiere.be\/nl\/wp-json\/wp\/v2\/product_tag?post=15757"}],"curies":[{"name":"wp","href":"https:\/\/api.w.org\/{rel}","templated":true}]}}