{"id":15761,"date":"2025-01-17T10:01:36","date_gmt":"2025-01-17T10:01:36","guid":{"rendered":"https:\/\/promochaudiere.be\/produit\/radson-faro-v-hp-h1950xl600x22-ral9016-2360w-favp2219506009016\/"},"modified":"2026-02-03T18:17:10","modified_gmt":"2026-02-03T17:17:10","slug":"radson-faro-v-hp-h1950xl600x22-ral9016-2360w-favp2219506009016","status":"publish","type":"product","link":"https:\/\/promochaudiere.be\/nl\/product\/radson-faro-v-hp-h1950xl600x22-ral9016-2360w-favp2219506009016\/","title":{"rendered":"Radson Faro V HP H1950xL600x22 RAL9016 2360W FAVP2219506009016"},"content":{"rendered":"<p>Le Radson Faro V HP est un radiateur vertical qui associe design moderne et performance thermique exceptionnelle. Avec sa face avant \u00e9l\u00e9gamment rainur\u00e9e et ses panneaux lat\u00e9raux arrondis, il s&rsquo;int\u00e8gre parfaitement dans les int\u00e9rieurs contemporains, tout en apportant une touche de sophistication. Con\u00e7u pour les syst\u00e8mes de chauffage \u00e0 haute pression, il peut supporter jusqu\u2019\u00e0 10 bars et fonctionner \u00e0 des temp\u00e9ratures maximales de 110\u00b0C, garantissant une chaleur homog\u00e8ne et efficace. Disponible en plusieurs dimensions et types (20, 21, 22), il s\u2019adapte facilement aux besoins sp\u00e9cifiques de chaque espace, qu\u2019il s\u2019agisse de petites pi\u00e8ces ou de grands volumes.<\/p>","protected":false},"excerpt":{"rendered":"<p>Radson Faro V HP H1950xL600x22 RAL9016 2360W FAVP2219506009016<\/p>","protected":false},"featured_media":20723,"comment_status":"open","ping_status":"closed","template":"","meta":[],"product_brand":[],"product_cat":[10384],"product_tag":[],"class_list":{"0":"post-15761","1":"product","2":"type-product","3":"status-publish","4":"has-post-thumbnail","6":"product_cat-faro-v","7":"pa_marque-radson","9":"first","10":"instock","11":"sale","12":"taxable","13":"shipping-taxable","14":"purchasable","15":"product-type-simple"},"aioseo_notices":[],"_links":{"self":[{"href":"https:\/\/promochaudiere.be\/nl\/wp-json\/wp\/v2\/product\/15761","targetHints":{"allow":["GET"]}}],"collection":[{"href":"https:\/\/promochaudiere.be\/nl\/wp-json\/wp\/v2\/product"}],"about":[{"href":"https:\/\/promochaudiere.be\/nl\/wp-json\/wp\/v2\/types\/product"}],"replies":[{"embeddable":true,"href":"https:\/\/promochaudiere.be\/nl\/wp-json\/wp\/v2\/comments?post=15761"}],"version-history":[{"count":1,"href":"https:\/\/promochaudiere.be\/nl\/wp-json\/wp\/v2\/product\/15761\/revisions"}],"predecessor-version":[{"id":44547,"href":"https:\/\/promochaudiere.be\/nl\/wp-json\/wp\/v2\/product\/15761\/revisions\/44547"}],"wp:featuredmedia":[{"embeddable":true,"href":"https:\/\/promochaudiere.be\/nl\/wp-json\/wp\/v2\/media\/20723"}],"wp:attachment":[{"href":"https:\/\/promochaudiere.be\/nl\/wp-json\/wp\/v2\/media?parent=15761"}],"wp:term":[{"taxonomy":"product_brand","embeddable":true,"href":"https:\/\/promochaudiere.be\/nl\/wp-json\/wp\/v2\/product_brand?post=15761"},{"taxonomy":"product_cat","embeddable":true,"href":"https:\/\/promochaudiere.be\/nl\/wp-json\/wp\/v2\/product_cat?post=15761"},{"taxonomy":"product_tag","embeddable":true,"href":"https:\/\/promochaudiere.be\/nl\/wp-json\/wp\/v2\/product_tag?post=15761"}],"curies":[{"name":"wp","href":"https:\/\/api.w.org\/{rel}","templated":true}]}}