{"id":15763,"date":"2025-01-17T10:01:38","date_gmt":"2025-01-17T10:01:38","guid":{"rendered":"https:\/\/promochaudiere.be\/produit\/bosch-groupe-de-pompage-melange-1-avec-module-melangeur-mm100-45kw-7736601155\/"},"modified":"2026-02-03T19:40:13","modified_gmt":"2026-02-03T18:40:13","slug":"bosch-groupe-de-pompage-melange-1-avec-module-melangeur-mm100-45kw-7736601155","status":"publish","type":"product","link":"https:\/\/promochaudiere.be\/nl\/product\/bosch-groupe-de-pompage-melange-1-avec-module-melangeur-mm100-45kw-7736601155\/","title":{"rendered":"BOSCH GROUPE DE POMPAGE MELANGE 1 AVEC MODULE MELANGEUR MM100 45KW 7736601155"},"content":{"rendered":"<p>Ce groupe de pompage Bosch avec module int\u00e9gr\u00e9 assure une gestion optimale de la temp\u00e9rature de l\u2019eau circulante. Il permet un ajustement pr\u00e9cis pour un confort thermique am\u00e9lior\u00e9. Facile \u00e0 int\u00e9grer aux installations existantes, il garantit une efficacit\u00e9 \u00e9nerg\u00e9tique accrue. Un composant cl\u00e9 pour une distribution homog\u00e8ne de la chaleur.<\/p>","protected":false},"excerpt":{"rendered":"<p>BOSCH GROUPE DE POMPAGE MELANGE 1 AVEC MODULE MELANGEUR MM100 45KW 7736601155<\/p>","protected":false},"featured_media":21038,"comment_status":"open","ping_status":"closed","template":"","meta":[],"product_brand":[],"product_cat":[9489],"product_tag":[],"class_list":{"0":"post-15763","1":"product","2":"type-product","3":"status-publish","4":"has-post-thumbnail","6":"product_cat-accessoire-de-raccordement-bosch","7":"pa_marque-bosch","9":"first","10":"instock","11":"sale","12":"taxable","13":"shipping-taxable","14":"purchasable","15":"product-type-simple"},"aioseo_notices":[],"_links":{"self":[{"href":"https:\/\/promochaudiere.be\/nl\/wp-json\/wp\/v2\/product\/15763","targetHints":{"allow":["GET"]}}],"collection":[{"href":"https:\/\/promochaudiere.be\/nl\/wp-json\/wp\/v2\/product"}],"about":[{"href":"https:\/\/promochaudiere.be\/nl\/wp-json\/wp\/v2\/types\/product"}],"replies":[{"embeddable":true,"href":"https:\/\/promochaudiere.be\/nl\/wp-json\/wp\/v2\/comments?post=15763"}],"version-history":[{"count":1,"href":"https:\/\/promochaudiere.be\/nl\/wp-json\/wp\/v2\/product\/15763\/revisions"}],"predecessor-version":[{"id":44545,"href":"https:\/\/promochaudiere.be\/nl\/wp-json\/wp\/v2\/product\/15763\/revisions\/44545"}],"wp:featuredmedia":[{"embeddable":true,"href":"https:\/\/promochaudiere.be\/nl\/wp-json\/wp\/v2\/media\/21038"}],"wp:attachment":[{"href":"https:\/\/promochaudiere.be\/nl\/wp-json\/wp\/v2\/media?parent=15763"}],"wp:term":[{"taxonomy":"product_brand","embeddable":true,"href":"https:\/\/promochaudiere.be\/nl\/wp-json\/wp\/v2\/product_brand?post=15763"},{"taxonomy":"product_cat","embeddable":true,"href":"https:\/\/promochaudiere.be\/nl\/wp-json\/wp\/v2\/product_cat?post=15763"},{"taxonomy":"product_tag","embeddable":true,"href":"https:\/\/promochaudiere.be\/nl\/wp-json\/wp\/v2\/product_tag?post=15763"}],"curies":[{"name":"wp","href":"https:\/\/api.w.org\/{rel}","templated":true}]}}