{"id":15766,"date":"2025-01-17T10:01:39","date_gmt":"2025-01-17T10:01:39","guid":{"rendered":"https:\/\/promochaudiere.be\/produit\/grundfos-circulateur-chauffage-central-magna1-25-60-l180-6-4-99221217\/"},"modified":"2026-02-03T19:40:13","modified_gmt":"2026-02-03T18:40:13","slug":"grundfos-circulateur-chauffage-central-magna1-25-60-l180-6-4-99221217","status":"publish","type":"product","link":"https:\/\/promochaudiere.be\/nl\/product\/grundfos-circulateur-chauffage-central-magna1-25-60-l180-6-4-99221217\/","title":{"rendered":"Grundfos circulateur  chauffage central magna1 25-60   L180 6\/4  99221217"},"content":{"rendered":"<p>Le circulateur Grundfos Magna1 32-60 permet d\u2019optimiser la distribution de la chaleur dans les installations de chauffage central. Sa r\u00e9gulation automatique garantit une consommation \u00e9nerg\u00e9tique ma\u00eetris\u00e9e et un confort optimal. Son installation rapide et sa compatibilit\u00e9 avec diff\u00e9rents syst\u00e8mes en font un \u00e9quipement polyvalent. Une solution efficace pour un chauffage homog\u00e8ne et \u00e9conomique.<\/p>","protected":false},"excerpt":{"rendered":"<p>Grundfos circulateur  chauffage central magna1 25-60   L180 6\/4  99221217<\/p>","protected":false},"featured_media":20942,"comment_status":"open","ping_status":"closed","template":"","meta":[],"product_brand":[],"product_cat":[660],"product_tag":[],"class_list":{"0":"post-15766","1":"product","2":"type-product","3":"status-publish","4":"has-post-thumbnail","6":"product_cat-circulateur","7":"pa_marque-grundfos","9":"first","10":"instock","11":"sale","12":"taxable","13":"shipping-taxable","14":"purchasable","15":"product-type-simple"},"aioseo_notices":[],"_links":{"self":[{"href":"https:\/\/promochaudiere.be\/nl\/wp-json\/wp\/v2\/product\/15766","targetHints":{"allow":["GET"]}}],"collection":[{"href":"https:\/\/promochaudiere.be\/nl\/wp-json\/wp\/v2\/product"}],"about":[{"href":"https:\/\/promochaudiere.be\/nl\/wp-json\/wp\/v2\/types\/product"}],"replies":[{"embeddable":true,"href":"https:\/\/promochaudiere.be\/nl\/wp-json\/wp\/v2\/comments?post=15766"}],"version-history":[{"count":1,"href":"https:\/\/promochaudiere.be\/nl\/wp-json\/wp\/v2\/product\/15766\/revisions"}],"predecessor-version":[{"id":44541,"href":"https:\/\/promochaudiere.be\/nl\/wp-json\/wp\/v2\/product\/15766\/revisions\/44541"}],"wp:featuredmedia":[{"embeddable":true,"href":"https:\/\/promochaudiere.be\/nl\/wp-json\/wp\/v2\/media\/20942"}],"wp:attachment":[{"href":"https:\/\/promochaudiere.be\/nl\/wp-json\/wp\/v2\/media?parent=15766"}],"wp:term":[{"taxonomy":"product_brand","embeddable":true,"href":"https:\/\/promochaudiere.be\/nl\/wp-json\/wp\/v2\/product_brand?post=15766"},{"taxonomy":"product_cat","embeddable":true,"href":"https:\/\/promochaudiere.be\/nl\/wp-json\/wp\/v2\/product_cat?post=15766"},{"taxonomy":"product_tag","embeddable":true,"href":"https:\/\/promochaudiere.be\/nl\/wp-json\/wp\/v2\/product_tag?post=15766"}],"curies":[{"name":"wp","href":"https:\/\/api.w.org\/{rel}","templated":true}]}}