{"id":15769,"date":"2025-01-17T10:01:39","date_gmt":"2025-01-17T10:01:39","guid":{"rendered":"https:\/\/promochaudiere.be\/produit\/grundfos-supresseur-jet-scala-1-5-55-230v-50hz-99530407\/"},"modified":"2026-02-03T18:17:06","modified_gmt":"2026-02-03T17:17:06","slug":"grundfos-supresseur-jet-scala-1-5-55-230v-50hz-99530407","status":"publish","type":"product","link":"https:\/\/promochaudiere.be\/nl\/product\/grundfos-supresseur-jet-scala-1-5-55-230v-50hz-99530407\/","title":{"rendered":"Grundfos Supresseur  JET SCALA 1 5-55 230V 50HZ 99530407"},"content":{"rendered":"<p>Le surpresseur Grundfos SCALA 1 5-55 est con\u00e7u pour offrir un d\u00e9bit \u00e9lev\u00e9 et une pression stable dans les installations domestiques et agricoles. Son syst\u00e8me intelligent de r\u00e9gulation de la pression assure un fonctionnement optimal sans interruption. Sa conception compacte et silencieuse le rend facile \u00e0 installer, m\u00eame dans des espaces restreints. Un choix id\u00e9al pour garantir un approvisionnement en eau fiable et \u00e9conomique.<\/p>","protected":false},"excerpt":{"rendered":"<p>Grundfos Supresseur  JET SCALA 1 5-55 230V 50HZ 99530407<\/p>","protected":false},"featured_media":20970,"comment_status":"open","ping_status":"closed","template":"","meta":[],"product_brand":[],"product_cat":[298],"product_tag":[],"class_list":{"0":"post-15769","1":"product","2":"type-product","3":"status-publish","4":"has-post-thumbnail","6":"product_cat-pompe","7":"pa_marque-grundfos","9":"first","10":"instock","11":"sale","12":"taxable","13":"shipping-taxable","14":"purchasable","15":"product-type-simple"},"aioseo_notices":[],"_links":{"self":[{"href":"https:\/\/promochaudiere.be\/nl\/wp-json\/wp\/v2\/product\/15769","targetHints":{"allow":["GET"]}}],"collection":[{"href":"https:\/\/promochaudiere.be\/nl\/wp-json\/wp\/v2\/product"}],"about":[{"href":"https:\/\/promochaudiere.be\/nl\/wp-json\/wp\/v2\/types\/product"}],"replies":[{"embeddable":true,"href":"https:\/\/promochaudiere.be\/nl\/wp-json\/wp\/v2\/comments?post=15769"}],"version-history":[{"count":1,"href":"https:\/\/promochaudiere.be\/nl\/wp-json\/wp\/v2\/product\/15769\/revisions"}],"predecessor-version":[{"id":44544,"href":"https:\/\/promochaudiere.be\/nl\/wp-json\/wp\/v2\/product\/15769\/revisions\/44544"}],"wp:featuredmedia":[{"embeddable":true,"href":"https:\/\/promochaudiere.be\/nl\/wp-json\/wp\/v2\/media\/20970"}],"wp:attachment":[{"href":"https:\/\/promochaudiere.be\/nl\/wp-json\/wp\/v2\/media?parent=15769"}],"wp:term":[{"taxonomy":"product_brand","embeddable":true,"href":"https:\/\/promochaudiere.be\/nl\/wp-json\/wp\/v2\/product_brand?post=15769"},{"taxonomy":"product_cat","embeddable":true,"href":"https:\/\/promochaudiere.be\/nl\/wp-json\/wp\/v2\/product_cat?post=15769"},{"taxonomy":"product_tag","embeddable":true,"href":"https:\/\/promochaudiere.be\/nl\/wp-json\/wp\/v2\/product_tag?post=15769"}],"curies":[{"name":"wp","href":"https:\/\/api.w.org\/{rel}","templated":true}]}}