{"id":15770,"date":"2025-01-17T10:01:40","date_gmt":"2025-01-17T10:01:40","guid":{"rendered":"https:\/\/promochaudiere.be\/produit\/grundfos-pompe-auto-amorcant-surpresseur-scala2-new-93013252\/"},"modified":"2026-02-03T19:40:13","modified_gmt":"2026-02-03T18:40:13","slug":"grundfos-pompe-auto-amorcant-surpresseur-scala2-new-93013252","status":"publish","type":"product","link":"https:\/\/promochaudiere.be\/nl\/product\/grundfos-pompe-auto-amorcant-surpresseur-scala2-new-93013252\/","title":{"rendered":"Grundfos Pompe auto-amor\u00e7ant \/ Surpresseur SCALA2 NEW 93013252"},"content":{"rendered":"<p>La pompe auto-amor\u00e7ante Grundfos SCALA1 3-45 est une solution efficace pour assurer une pression d\u2019eau optimale dans votre installation domestique. Con\u00e7ue avec un moteur intelligent, elle ajuste automatiquement la pression en fonction des besoins. Facile \u00e0 installer, elle est id\u00e9ale pour l\u2019approvisionnement en eau des habitations et des jardins. Son fonctionnement silencieux et sa consommation d\u2019\u00e9nergie r\u00e9duite en font un choix \u00e9conomique. Une pompe robuste et performante pour un confort constant.<\/p>","protected":false},"excerpt":{"rendered":"<p>Grundfos Pompe auto-amor\u00e7ant \/ Surpresseur SCALA2 NEW 93013252<\/p>","protected":false},"featured_media":20919,"comment_status":"open","ping_status":"closed","template":"","meta":[],"product_brand":[],"product_cat":[298],"product_tag":[],"class_list":{"0":"post-15770","1":"product","2":"type-product","3":"status-publish","4":"has-post-thumbnail","6":"product_cat-pompe","7":"pa_marque-grundfos","9":"first","10":"instock","11":"sale","12":"taxable","13":"shipping-taxable","14":"purchasable","15":"product-type-simple"},"aioseo_notices":[],"_links":{"self":[{"href":"https:\/\/promochaudiere.be\/nl\/wp-json\/wp\/v2\/product\/15770","targetHints":{"allow":["GET"]}}],"collection":[{"href":"https:\/\/promochaudiere.be\/nl\/wp-json\/wp\/v2\/product"}],"about":[{"href":"https:\/\/promochaudiere.be\/nl\/wp-json\/wp\/v2\/types\/product"}],"replies":[{"embeddable":true,"href":"https:\/\/promochaudiere.be\/nl\/wp-json\/wp\/v2\/comments?post=15770"}],"version-history":[{"count":1,"href":"https:\/\/promochaudiere.be\/nl\/wp-json\/wp\/v2\/product\/15770\/revisions"}],"predecessor-version":[{"id":44538,"href":"https:\/\/promochaudiere.be\/nl\/wp-json\/wp\/v2\/product\/15770\/revisions\/44538"}],"wp:featuredmedia":[{"embeddable":true,"href":"https:\/\/promochaudiere.be\/nl\/wp-json\/wp\/v2\/media\/20919"}],"wp:attachment":[{"href":"https:\/\/promochaudiere.be\/nl\/wp-json\/wp\/v2\/media?parent=15770"}],"wp:term":[{"taxonomy":"product_brand","embeddable":true,"href":"https:\/\/promochaudiere.be\/nl\/wp-json\/wp\/v2\/product_brand?post=15770"},{"taxonomy":"product_cat","embeddable":true,"href":"https:\/\/promochaudiere.be\/nl\/wp-json\/wp\/v2\/product_cat?post=15770"},{"taxonomy":"product_tag","embeddable":true,"href":"https:\/\/promochaudiere.be\/nl\/wp-json\/wp\/v2\/product_tag?post=15770"}],"curies":[{"name":"wp","href":"https:\/\/api.w.org\/{rel}","templated":true}]}}