{"id":15773,"date":"2025-01-17T10:01:41","date_gmt":"2025-01-17T10:01:41","guid":{"rendered":"https:\/\/promochaudiere.be\/produit\/spirotech-separateur-dair-spirovent-dn050-avec-bride-ba050f\/"},"modified":"2026-02-03T18:17:11","modified_gmt":"2026-02-03T17:17:11","slug":"spirotech-separateur-dair-spirovent-dn050-avec-bride-ba050f","status":"publish","type":"product","link":"https:\/\/promochaudiere.be\/nl\/product\/spirotech-separateur-dair-spirovent-dn050-avec-bride-ba050f\/","title":{"rendered":"Spirotech s\u00e9parateur d&rsquo;air Spirovent DN050 avec bride BA050F"},"content":{"rendered":"<p>Le s\u00e9parateur d\u2019air Spirotech BA050F est con\u00e7u pour \u00e9liminer l\u2019air contenu dans les installations de chauffage et de refroidissement. Il r\u00e9duit les bruits, am\u00e9liore la circulation de l\u2019eau et pr\u00e9vient la formation de bulles d\u2019air qui peuvent perturber le syst\u00e8me. Gr\u00e2ce \u00e0 sa fonction de vidange, il facilite l\u2019entretien et garantit une meilleure efficacit\u00e9 \u00e9nerg\u00e9tique.<\/p>","protected":false},"excerpt":{"rendered":"<p>Spirotech s\u00e9parateur d&rsquo;air Spirovent DN050 avec bride BA050F<\/p>","protected":false},"featured_media":20966,"comment_status":"open","ping_status":"closed","template":"","meta":[],"product_brand":[],"product_cat":[5527],"product_tag":[],"class_list":{"0":"post-15773","1":"product","2":"type-product","3":"status-publish","4":"has-post-thumbnail","6":"product_cat-separation-dair-et-de-boues","7":"pa_marque-spirotech","9":"first","10":"instock","11":"sale","12":"taxable","13":"shipping-taxable","14":"purchasable","15":"product-type-simple"},"aioseo_notices":[],"_links":{"self":[{"href":"https:\/\/promochaudiere.be\/nl\/wp-json\/wp\/v2\/product\/15773","targetHints":{"allow":["GET"]}}],"collection":[{"href":"https:\/\/promochaudiere.be\/nl\/wp-json\/wp\/v2\/product"}],"about":[{"href":"https:\/\/promochaudiere.be\/nl\/wp-json\/wp\/v2\/types\/product"}],"replies":[{"embeddable":true,"href":"https:\/\/promochaudiere.be\/nl\/wp-json\/wp\/v2\/comments?post=15773"}],"version-history":[{"count":1,"href":"https:\/\/promochaudiere.be\/nl\/wp-json\/wp\/v2\/product\/15773\/revisions"}],"predecessor-version":[{"id":52770,"href":"https:\/\/promochaudiere.be\/nl\/wp-json\/wp\/v2\/product\/15773\/revisions\/52770"}],"wp:featuredmedia":[{"embeddable":true,"href":"https:\/\/promochaudiere.be\/nl\/wp-json\/wp\/v2\/media\/20966"}],"wp:attachment":[{"href":"https:\/\/promochaudiere.be\/nl\/wp-json\/wp\/v2\/media?parent=15773"}],"wp:term":[{"taxonomy":"product_brand","embeddable":true,"href":"https:\/\/promochaudiere.be\/nl\/wp-json\/wp\/v2\/product_brand?post=15773"},{"taxonomy":"product_cat","embeddable":true,"href":"https:\/\/promochaudiere.be\/nl\/wp-json\/wp\/v2\/product_cat?post=15773"},{"taxonomy":"product_tag","embeddable":true,"href":"https:\/\/promochaudiere.be\/nl\/wp-json\/wp\/v2\/product_tag?post=15773"}],"curies":[{"name":"wp","href":"https:\/\/api.w.org\/{rel}","templated":true}]}}