{"id":15779,"date":"2025-01-17T10:01:43","date_gmt":"2025-01-17T10:01:43","guid":{"rendered":"https:\/\/promochaudiere.be\/produit\/groepe-pompe-melange-thermix-moteur-alpha2-15-60-m274003\/"},"modified":"2026-02-03T18:17:11","modified_gmt":"2026-02-03T17:17:11","slug":"groepe-pompe-melange-thermix-moteur-alpha2-15-60-m274003","status":"publish","type":"product","link":"https:\/\/promochaudiere.be\/nl\/product\/groepe-pompe-melange-thermix-moteur-alpha2-15-60-m274003\/","title":{"rendered":"GROEPE POMPE MELANGE THERMIX + MOTEUR + ALPHA2 15-60 M274003"},"content":{"rendered":"<p>Ce groupe de pompe m\u00e9lang\u00e9 Thermix est \u00e9quip\u00e9 d\u2019un moteur Alpha2 pour une gestion efficace du chauffage. Il assure une r\u00e9gulation pr\u00e9cise du d\u00e9bit d\u2019eau chaude, optimisant ainsi la performance \u00e9nerg\u00e9tique. Un accessoire id\u00e9al pour les syst\u00e8mes de chauffage centralis\u00e9s.<\/p>","protected":false},"excerpt":{"rendered":"<p>GROEPE POMPE MELANGE THERMIX + MOTEUR + ALPHA2 15-60 M274003<\/p>","protected":false},"featured_media":20987,"comment_status":"open","ping_status":"closed","template":"","meta":[],"product_brand":[],"product_cat":[5541],"product_tag":[],"class_list":{"0":"post-15779","1":"product","2":"type-product","3":"status-publish","4":"has-post-thumbnail","6":"product_cat-groupe-de-pompe","7":"pa_marque-flamco","9":"first","10":"instock","11":"sale","12":"taxable","13":"shipping-taxable","14":"purchasable","15":"product-type-simple"},"aioseo_notices":[],"_links":{"self":[{"href":"https:\/\/promochaudiere.be\/nl\/wp-json\/wp\/v2\/product\/15779","targetHints":{"allow":["GET"]}}],"collection":[{"href":"https:\/\/promochaudiere.be\/nl\/wp-json\/wp\/v2\/product"}],"about":[{"href":"https:\/\/promochaudiere.be\/nl\/wp-json\/wp\/v2\/types\/product"}],"replies":[{"embeddable":true,"href":"https:\/\/promochaudiere.be\/nl\/wp-json\/wp\/v2\/comments?post=15779"}],"version-history":[{"count":1,"href":"https:\/\/promochaudiere.be\/nl\/wp-json\/wp\/v2\/product\/15779\/revisions"}],"predecessor-version":[{"id":44531,"href":"https:\/\/promochaudiere.be\/nl\/wp-json\/wp\/v2\/product\/15779\/revisions\/44531"}],"wp:featuredmedia":[{"embeddable":true,"href":"https:\/\/promochaudiere.be\/nl\/wp-json\/wp\/v2\/media\/20987"}],"wp:attachment":[{"href":"https:\/\/promochaudiere.be\/nl\/wp-json\/wp\/v2\/media?parent=15779"}],"wp:term":[{"taxonomy":"product_brand","embeddable":true,"href":"https:\/\/promochaudiere.be\/nl\/wp-json\/wp\/v2\/product_brand?post=15779"},{"taxonomy":"product_cat","embeddable":true,"href":"https:\/\/promochaudiere.be\/nl\/wp-json\/wp\/v2\/product_cat?post=15779"},{"taxonomy":"product_tag","embeddable":true,"href":"https:\/\/promochaudiere.be\/nl\/wp-json\/wp\/v2\/product_tag?post=15779"}],"curies":[{"name":"wp","href":"https:\/\/api.w.org\/{rel}","templated":true}]}}