{"id":15780,"date":"2025-01-17T10:01:43","date_gmt":"2025-01-17T10:01:43","guid":{"rendered":"https:\/\/promochaudiere.be\/produit\/burgerhout-metre-flexible-pp-condensateur-diametre-80-r-50-400452072\/"},"modified":"2026-02-03T18:17:12","modified_gmt":"2026-02-03T17:17:12","slug":"burgerhout-metre-flexible-pp-condensateur-diametre-80-r-50-400452072","status":"publish","type":"product","link":"https:\/\/promochaudiere.be\/nl\/product\/burgerhout-metre-flexible-pp-condensateur-diametre-80-r-50-400452072\/","title":{"rendered":"Burgerhout M\u00e8tre flexible PP condensateur diam\u00e8tre 80 R.50  400452072"},"content":{"rendered":"<p>Ce conduit en polypropyl\u00e8ne permet une \u00e9vacuation s\u00fbre et durable des condensats et des gaz de combustion.<\/p>","protected":false},"excerpt":{"rendered":"<p>Burgerhout M\u00e8tre flexible PP condensateur diam\u00e8tre 80 R.50  400452072<\/p>","protected":false},"featured_media":20998,"comment_status":"open","ping_status":"closed","template":"","meta":[],"product_brand":[],"product_cat":[5543],"product_tag":[],"class_list":{"0":"post-15780","1":"product","2":"type-product","3":"status-publish","4":"has-post-thumbnail","6":"product_cat-fumisterie-burgerhout","7":"pa_marque-burgerhout","9":"first","10":"instock","11":"sale","12":"taxable","13":"shipping-taxable","14":"purchasable","15":"product-type-simple"},"aioseo_notices":[],"_links":{"self":[{"href":"https:\/\/promochaudiere.be\/nl\/wp-json\/wp\/v2\/product\/15780","targetHints":{"allow":["GET"]}}],"collection":[{"href":"https:\/\/promochaudiere.be\/nl\/wp-json\/wp\/v2\/product"}],"about":[{"href":"https:\/\/promochaudiere.be\/nl\/wp-json\/wp\/v2\/types\/product"}],"replies":[{"embeddable":true,"href":"https:\/\/promochaudiere.be\/nl\/wp-json\/wp\/v2\/comments?post=15780"}],"version-history":[{"count":1,"href":"https:\/\/promochaudiere.be\/nl\/wp-json\/wp\/v2\/product\/15780\/revisions"}],"predecessor-version":[{"id":44532,"href":"https:\/\/promochaudiere.be\/nl\/wp-json\/wp\/v2\/product\/15780\/revisions\/44532"}],"wp:featuredmedia":[{"embeddable":true,"href":"https:\/\/promochaudiere.be\/nl\/wp-json\/wp\/v2\/media\/20998"}],"wp:attachment":[{"href":"https:\/\/promochaudiere.be\/nl\/wp-json\/wp\/v2\/media?parent=15780"}],"wp:term":[{"taxonomy":"product_brand","embeddable":true,"href":"https:\/\/promochaudiere.be\/nl\/wp-json\/wp\/v2\/product_brand?post=15780"},{"taxonomy":"product_cat","embeddable":true,"href":"https:\/\/promochaudiere.be\/nl\/wp-json\/wp\/v2\/product_cat?post=15780"},{"taxonomy":"product_tag","embeddable":true,"href":"https:\/\/promochaudiere.be\/nl\/wp-json\/wp\/v2\/product_tag?post=15780"}],"curies":[{"name":"wp","href":"https:\/\/api.w.org\/{rel}","templated":true}]}}