{"id":15781,"date":"2025-01-17T10:01:43","date_gmt":"2025-01-17T10:01:43","guid":{"rendered":"https:\/\/promochaudiere.be\/produit\/spirotech-separateur-dair-spirovent-dn065-avec-bride-ba065f\/"},"modified":"2026-02-03T19:40:13","modified_gmt":"2026-02-03T18:40:13","slug":"spirotech-separateur-dair-spirovent-dn065-avec-bride-ba065f","status":"publish","type":"product","link":"https:\/\/promochaudiere.be\/nl\/product\/spirotech-separateur-dair-spirovent-dn065-avec-bride-ba065f\/","title":{"rendered":"Spirotech s\u00e9parateur d&rsquo;air Spirovent DN065 avec bride BA065F"},"content":{"rendered":"<p>Le Spirovent DN065 BA065F est une solution performante pour am\u00e9liorer l\u2019efficacit\u00e9 des syst\u00e8mes de chauffage en \u00e9liminant l\u2019air emprisonn\u00e9. Il emp\u00eache la formation de poches d\u2019air, r\u00e9duisant ainsi les pertes de chaleur et les bruits dans les circuits. Son installation facile et son fonctionnement autonome en font un choix id\u00e9al pour optimiser la performance des installations.<\/p>","protected":false},"excerpt":{"rendered":"<p>Spirotech s\u00e9parateur d&rsquo;air Spirovent DN065 avec bride BA065F<\/p>","protected":false},"featured_media":20969,"comment_status":"open","ping_status":"closed","template":"","meta":[],"product_brand":[],"product_cat":[5527],"product_tag":[],"class_list":{"0":"post-15781","1":"product","2":"type-product","3":"status-publish","4":"has-post-thumbnail","6":"product_cat-separation-dair-et-de-boues","7":"pa_marque-spirotech","9":"first","10":"instock","11":"sale","12":"taxable","13":"shipping-taxable","14":"purchasable","15":"product-type-simple"},"aioseo_notices":[],"_links":{"self":[{"href":"https:\/\/promochaudiere.be\/nl\/wp-json\/wp\/v2\/product\/15781","targetHints":{"allow":["GET"]}}],"collection":[{"href":"https:\/\/promochaudiere.be\/nl\/wp-json\/wp\/v2\/product"}],"about":[{"href":"https:\/\/promochaudiere.be\/nl\/wp-json\/wp\/v2\/types\/product"}],"replies":[{"embeddable":true,"href":"https:\/\/promochaudiere.be\/nl\/wp-json\/wp\/v2\/comments?post=15781"}],"version-history":[{"count":1,"href":"https:\/\/promochaudiere.be\/nl\/wp-json\/wp\/v2\/product\/15781\/revisions"}],"predecessor-version":[{"id":52769,"href":"https:\/\/promochaudiere.be\/nl\/wp-json\/wp\/v2\/product\/15781\/revisions\/52769"}],"wp:featuredmedia":[{"embeddable":true,"href":"https:\/\/promochaudiere.be\/nl\/wp-json\/wp\/v2\/media\/20969"}],"wp:attachment":[{"href":"https:\/\/promochaudiere.be\/nl\/wp-json\/wp\/v2\/media?parent=15781"}],"wp:term":[{"taxonomy":"product_brand","embeddable":true,"href":"https:\/\/promochaudiere.be\/nl\/wp-json\/wp\/v2\/product_brand?post=15781"},{"taxonomy":"product_cat","embeddable":true,"href":"https:\/\/promochaudiere.be\/nl\/wp-json\/wp\/v2\/product_cat?post=15781"},{"taxonomy":"product_tag","embeddable":true,"href":"https:\/\/promochaudiere.be\/nl\/wp-json\/wp\/v2\/product_tag?post=15781"}],"curies":[{"name":"wp","href":"https:\/\/api.w.org\/{rel}","templated":true}]}}