{"id":15783,"date":"2025-01-17T10:01:44","date_gmt":"2025-01-17T10:01:44","guid":{"rendered":"https:\/\/promochaudiere.be\/produit\/dab-kit-pulsar-dry-30-50mpckit-aspiration2m-60211316\/"},"modified":"2026-02-03T19:40:13","modified_gmt":"2026-02-03T18:40:13","slug":"dab-kit-pulsar-dry-30-50mpckit-aspiration2m-60211316","status":"publish","type":"product","link":"https:\/\/promochaudiere.be\/nl\/product\/dab-kit-pulsar-dry-30-50mpckit-aspiration2m-60211316\/","title":{"rendered":"DAB KIT PULSAR DRY 30\/50M+PC+KIT ASPIRATION+2m 60211316"},"content":{"rendered":"<p>Ce kit complet inclut une pompe immerg\u00e9e Pulsar Dry et un kit d\u2019aspiration. Il permet une alimentation en eau efficace \u00e0 partir d\u2019un forage ou d\u2019une citerne. Son syst\u00e8me Presscontrol int\u00e9gr\u00e9 assure un fonctionnement automatique. Il garantit un d\u00e9bit constant sur une hauteur allant jusqu\u2019\u00e0 50 m\u00e8tres. Son moteur robuste et silencieux optimise les performances \u00e9nerg\u00e9tiques. Un ensemble complet pour une gestion fluide de l\u2019eau.<\/p>","protected":false},"excerpt":{"rendered":"<p>DAB KIT PULSAR DRY 30\/50M+PC+KIT ASPIRATION+2m 60211316<\/p>","protected":false},"featured_media":20999,"comment_status":"open","ping_status":"closed","template":"","meta":[],"product_brand":[],"product_cat":[298],"product_tag":[],"class_list":{"0":"post-15783","1":"product","2":"type-product","3":"status-publish","4":"has-post-thumbnail","6":"product_cat-pompe","7":"pa_marque-dab","9":"first","10":"instock","11":"sale","12":"taxable","13":"shipping-taxable","14":"purchasable","15":"product-type-simple"},"aioseo_notices":[],"_links":{"self":[{"href":"https:\/\/promochaudiere.be\/nl\/wp-json\/wp\/v2\/product\/15783","targetHints":{"allow":["GET"]}}],"collection":[{"href":"https:\/\/promochaudiere.be\/nl\/wp-json\/wp\/v2\/product"}],"about":[{"href":"https:\/\/promochaudiere.be\/nl\/wp-json\/wp\/v2\/types\/product"}],"replies":[{"embeddable":true,"href":"https:\/\/promochaudiere.be\/nl\/wp-json\/wp\/v2\/comments?post=15783"}],"version-history":[{"count":1,"href":"https:\/\/promochaudiere.be\/nl\/wp-json\/wp\/v2\/product\/15783\/revisions"}],"predecessor-version":[{"id":44528,"href":"https:\/\/promochaudiere.be\/nl\/wp-json\/wp\/v2\/product\/15783\/revisions\/44528"}],"wp:featuredmedia":[{"embeddable":true,"href":"https:\/\/promochaudiere.be\/nl\/wp-json\/wp\/v2\/media\/20999"}],"wp:attachment":[{"href":"https:\/\/promochaudiere.be\/nl\/wp-json\/wp\/v2\/media?parent=15783"}],"wp:term":[{"taxonomy":"product_brand","embeddable":true,"href":"https:\/\/promochaudiere.be\/nl\/wp-json\/wp\/v2\/product_brand?post=15783"},{"taxonomy":"product_cat","embeddable":true,"href":"https:\/\/promochaudiere.be\/nl\/wp-json\/wp\/v2\/product_cat?post=15783"},{"taxonomy":"product_tag","embeddable":true,"href":"https:\/\/promochaudiere.be\/nl\/wp-json\/wp\/v2\/product_tag?post=15783"}],"curies":[{"name":"wp","href":"https:\/\/api.w.org\/{rel}","templated":true}]}}