{"id":15788,"date":"2025-01-17T10:01:45","date_gmt":"2025-01-17T10:01:45","guid":{"rendered":"https:\/\/promochaudiere.be\/produit\/grundfos-circulateur-chauffage-central-magna3-25-60-l180-6-4-97924245\/"},"modified":"2026-02-03T18:17:12","modified_gmt":"2026-02-03T17:17:12","slug":"grundfos-circulateur-chauffage-central-magna3-25-60-l180-6-4-97924245","status":"publish","type":"product","link":"https:\/\/promochaudiere.be\/nl\/product\/grundfos-circulateur-chauffage-central-magna3-25-60-l180-6-4-97924245\/","title":{"rendered":"Grundfos circulateur  chauffage central magna3 25-60   L180 6\/4  97924245"},"content":{"rendered":"<p>Optimisez votre chauffage avec le circulateur Grundfos Magna3 25-60. Il garantit une circulation efficace de l\u2019eau en ajustant automatiquement son d\u00e9bit pour une performance optimale. Son moteur basse consommation r\u00e9duit les co\u00fbts \u00e9nerg\u00e9tiques tout en assurant une distribution homog\u00e8ne de la chaleur. Facile \u00e0 installer et \u00e0 entretenir, il est id\u00e9al pour les syst\u00e8mes r\u00e9sidentiels et commerciaux. Un \u00e9quipement essentiel pour am\u00e9liorer le confort thermique et l\u2019efficacit\u00e9 \u00e9nerg\u00e9tique.<\/p>","protected":false},"excerpt":{"rendered":"<p>Grundfos circulateur  chauffage central magna3 25-60   L180 6\/4  97924245<\/p>","protected":false},"featured_media":20977,"comment_status":"open","ping_status":"closed","template":"","meta":[],"product_brand":[],"product_cat":[660],"product_tag":[],"class_list":{"0":"post-15788","1":"product","2":"type-product","3":"status-publish","4":"has-post-thumbnail","6":"product_cat-circulateur","7":"pa_marque-grundfos","9":"first","10":"instock","11":"sale","12":"taxable","13":"shipping-taxable","14":"purchasable","15":"product-type-simple"},"aioseo_notices":[],"_links":{"self":[{"href":"https:\/\/promochaudiere.be\/nl\/wp-json\/wp\/v2\/product\/15788","targetHints":{"allow":["GET"]}}],"collection":[{"href":"https:\/\/promochaudiere.be\/nl\/wp-json\/wp\/v2\/product"}],"about":[{"href":"https:\/\/promochaudiere.be\/nl\/wp-json\/wp\/v2\/types\/product"}],"replies":[{"embeddable":true,"href":"https:\/\/promochaudiere.be\/nl\/wp-json\/wp\/v2\/comments?post=15788"}],"version-history":[{"count":1,"href":"https:\/\/promochaudiere.be\/nl\/wp-json\/wp\/v2\/product\/15788\/revisions"}],"predecessor-version":[{"id":44527,"href":"https:\/\/promochaudiere.be\/nl\/wp-json\/wp\/v2\/product\/15788\/revisions\/44527"}],"wp:featuredmedia":[{"embeddable":true,"href":"https:\/\/promochaudiere.be\/nl\/wp-json\/wp\/v2\/media\/20977"}],"wp:attachment":[{"href":"https:\/\/promochaudiere.be\/nl\/wp-json\/wp\/v2\/media?parent=15788"}],"wp:term":[{"taxonomy":"product_brand","embeddable":true,"href":"https:\/\/promochaudiere.be\/nl\/wp-json\/wp\/v2\/product_brand?post=15788"},{"taxonomy":"product_cat","embeddable":true,"href":"https:\/\/promochaudiere.be\/nl\/wp-json\/wp\/v2\/product_cat?post=15788"},{"taxonomy":"product_tag","embeddable":true,"href":"https:\/\/promochaudiere.be\/nl\/wp-json\/wp\/v2\/product_tag?post=15788"}],"curies":[{"name":"wp","href":"https:\/\/api.w.org\/{rel}","templated":true}]}}