{"id":15789,"date":"2025-01-17T10:01:46","date_gmt":"2025-01-17T10:01:46","guid":{"rendered":"https:\/\/promochaudiere.be\/produit\/bosch-groupe-de-pompage-melangee-1-circuit-avec-module-melangeur-mm100-75kw-7736601156\/"},"modified":"2026-02-03T18:17:12","modified_gmt":"2026-02-03T17:17:12","slug":"bosch-groupe-de-pompage-melangee-1-circuit-avec-module-melangeur-mm100-75kw-7736601156","status":"publish","type":"product","link":"https:\/\/promochaudiere.be\/nl\/product\/bosch-groupe-de-pompage-melangee-1-circuit-avec-module-melangeur-mm100-75kw-7736601156\/","title":{"rendered":"BOSCH GROUPE DE POMPAGE MELANGEE 1 CIRCUIT AVEC MODULE MELANGEUR MM100 75KW 7736601156"},"content":{"rendered":"<p>Ce groupe de pompage m\u00e9lang\u00e9 Bosch est con\u00e7u pour optimiser la circulation de l\u2019eau chaude dans les installations de chauffage. Son module int\u00e9gr\u00e9 permet un contr\u00f4le pr\u00e9cis de la temp\u00e9rature. Facile \u00e0 installer, il offre un rendement \u00e9lev\u00e9 et un fonctionnement fiable. Une solution id\u00e9ale pour am\u00e9liorer l\u2019efficacit\u00e9 \u00e9nerg\u00e9tique.<\/p>","protected":false},"excerpt":{"rendered":"<p>BOSCH GROUPE DE POMPAGE MELANGEE 1 CIRCUIT AVEC MODULE MELANGEUR MM100 75KW 7736601156<\/p>","protected":false},"featured_media":20901,"comment_status":"open","ping_status":"closed","template":"","meta":[],"product_brand":[],"product_cat":[9489],"product_tag":[],"class_list":{"0":"post-15789","1":"product","2":"type-product","3":"status-publish","4":"has-post-thumbnail","6":"product_cat-accessoire-de-raccordement-bosch","7":"pa_marque-bosch","9":"first","10":"instock","11":"sale","12":"taxable","13":"shipping-taxable","14":"purchasable","15":"product-type-simple"},"aioseo_notices":[],"_links":{"self":[{"href":"https:\/\/promochaudiere.be\/nl\/wp-json\/wp\/v2\/product\/15789","targetHints":{"allow":["GET"]}}],"collection":[{"href":"https:\/\/promochaudiere.be\/nl\/wp-json\/wp\/v2\/product"}],"about":[{"href":"https:\/\/promochaudiere.be\/nl\/wp-json\/wp\/v2\/types\/product"}],"replies":[{"embeddable":true,"href":"https:\/\/promochaudiere.be\/nl\/wp-json\/wp\/v2\/comments?post=15789"}],"version-history":[{"count":1,"href":"https:\/\/promochaudiere.be\/nl\/wp-json\/wp\/v2\/product\/15789\/revisions"}],"predecessor-version":[{"id":44522,"href":"https:\/\/promochaudiere.be\/nl\/wp-json\/wp\/v2\/product\/15789\/revisions\/44522"}],"wp:featuredmedia":[{"embeddable":true,"href":"https:\/\/promochaudiere.be\/nl\/wp-json\/wp\/v2\/media\/20901"}],"wp:attachment":[{"href":"https:\/\/promochaudiere.be\/nl\/wp-json\/wp\/v2\/media?parent=15789"}],"wp:term":[{"taxonomy":"product_brand","embeddable":true,"href":"https:\/\/promochaudiere.be\/nl\/wp-json\/wp\/v2\/product_brand?post=15789"},{"taxonomy":"product_cat","embeddable":true,"href":"https:\/\/promochaudiere.be\/nl\/wp-json\/wp\/v2\/product_cat?post=15789"},{"taxonomy":"product_tag","embeddable":true,"href":"https:\/\/promochaudiere.be\/nl\/wp-json\/wp\/v2\/product_tag?post=15789"}],"curies":[{"name":"wp","href":"https:\/\/api.w.org\/{rel}","templated":true}]}}