{"id":15790,"date":"2025-01-17T10:01:46","date_gmt":"2025-01-17T10:01:46","guid":{"rendered":"https:\/\/promochaudiere.be\/produit\/grundfos-circulateur-chauffage-central-magna1-32-40f-l220-pn6-10-99221263\/"},"modified":"2026-02-03T18:17:12","modified_gmt":"2026-02-03T17:17:12","slug":"grundfos-circulateur-chauffage-central-magna1-32-40f-l220-pn6-10-99221263","status":"publish","type":"product","link":"https:\/\/promochaudiere.be\/nl\/product\/grundfos-circulateur-chauffage-central-magna1-32-40f-l220-pn6-10-99221263\/","title":{"rendered":"GRUNDFOS CIRCULATEUR CHAUFFAGE CENTRAL MAGNA1 32-40F L220 PN6\/10 99221263"},"content":{"rendered":"<p>Le circulateur Grundfos Magna1 50-40 est un dispositif innovant permettant de r\u00e9guler efficacement la circulation de l\u2019eau chaude. Son moteur intelligent adapte sa puissance aux besoins r\u00e9els, assurant une r\u00e9duction significative de la consommation \u00e9lectrique. Sa conception robuste garantit une longue dur\u00e9e de vie et une int\u00e9gration facile. Une solution id\u00e9ale pour un chauffage performant et \u00e9conome.<\/p>","protected":false},"excerpt":{"rendered":"<p>GRUNDFOS CIRCULATEUR CHAUFFAGE CENTRAL MAGNA1 32-40F L220 PN6\/10 99221263<\/p>","protected":false},"featured_media":20945,"comment_status":"open","ping_status":"closed","template":"","meta":[],"product_brand":[],"product_cat":[660],"product_tag":[],"class_list":{"0":"post-15790","1":"product","2":"type-product","3":"status-publish","4":"has-post-thumbnail","6":"product_cat-circulateur","7":"pa_marque-grundfos","9":"first","10":"instock","11":"sale","12":"taxable","13":"shipping-taxable","14":"purchasable","15":"product-type-simple"},"aioseo_notices":[],"_links":{"self":[{"href":"https:\/\/promochaudiere.be\/nl\/wp-json\/wp\/v2\/product\/15790","targetHints":{"allow":["GET"]}}],"collection":[{"href":"https:\/\/promochaudiere.be\/nl\/wp-json\/wp\/v2\/product"}],"about":[{"href":"https:\/\/promochaudiere.be\/nl\/wp-json\/wp\/v2\/types\/product"}],"replies":[{"embeddable":true,"href":"https:\/\/promochaudiere.be\/nl\/wp-json\/wp\/v2\/comments?post=15790"}],"version-history":[{"count":1,"href":"https:\/\/promochaudiere.be\/nl\/wp-json\/wp\/v2\/product\/15790\/revisions"}],"predecessor-version":[{"id":44523,"href":"https:\/\/promochaudiere.be\/nl\/wp-json\/wp\/v2\/product\/15790\/revisions\/44523"}],"wp:featuredmedia":[{"embeddable":true,"href":"https:\/\/promochaudiere.be\/nl\/wp-json\/wp\/v2\/media\/20945"}],"wp:attachment":[{"href":"https:\/\/promochaudiere.be\/nl\/wp-json\/wp\/v2\/media?parent=15790"}],"wp:term":[{"taxonomy":"product_brand","embeddable":true,"href":"https:\/\/promochaudiere.be\/nl\/wp-json\/wp\/v2\/product_brand?post=15790"},{"taxonomy":"product_cat","embeddable":true,"href":"https:\/\/promochaudiere.be\/nl\/wp-json\/wp\/v2\/product_cat?post=15790"},{"taxonomy":"product_tag","embeddable":true,"href":"https:\/\/promochaudiere.be\/nl\/wp-json\/wp\/v2\/product_tag?post=15790"}],"curies":[{"name":"wp","href":"https:\/\/api.w.org\/{rel}","templated":true}]}}