{"id":15792,"date":"2025-01-17T10:01:47","date_gmt":"2025-01-17T10:01:47","guid":{"rendered":"https:\/\/promochaudiere.be\/produit\/dab-panneau-ng-e-box-plus-mono-triphase-1-2-pompes-60211088\/"},"modified":"2026-02-03T18:17:12","modified_gmt":"2026-02-03T17:17:12","slug":"dab-panneau-ng-e-box-plus-mono-triphase-1-2-pompes-60211088","status":"publish","type":"product","link":"https:\/\/promochaudiere.be\/nl\/product\/dab-panneau-ng-e-box-plus-mono-triphase-1-2-pompes-60211088\/","title":{"rendered":"DAB PANNEAU NG E.BOX PLUS MONO\/TRIPHASE 1-2 POMPES 60211088"},"content":{"rendered":"<p>Ce panneau de contr\u00f4le g\u00e8re efficacement 1 \u00e0 2 pompes en mode monophas\u00e9 ou triphas\u00e9. Il assure une r\u00e9gulation automatique des d\u00e9marrages et arr\u00eats. Son interface intuitive simplifie son param\u00e9trage et son suivi. Il prot\u00e8ge les pompes contre les surcharges et les variations de tension. Facile \u00e0 installer, il s\u2019adapte aux r\u00e9seaux hydrauliques industriels et domestiques. Un dispositif essentiel pour une gestion intelligente des pompes.<\/p>","protected":false},"excerpt":{"rendered":"<p>DAB PANNEAU NG E.BOX PLUS MONO\/TRIPHASE 1-2 POMPES 60211088<\/p>","protected":false},"featured_media":21003,"comment_status":"open","ping_status":"closed","template":"","meta":[],"product_brand":[],"product_cat":[298],"product_tag":[],"class_list":{"0":"post-15792","1":"product","2":"type-product","3":"status-publish","4":"has-post-thumbnail","6":"product_cat-pompe","7":"pa_marque-dab","9":"first","10":"instock","11":"sale","12":"taxable","13":"shipping-taxable","14":"purchasable","15":"product-type-simple"},"aioseo_notices":[],"_links":{"self":[{"href":"https:\/\/promochaudiere.be\/nl\/wp-json\/wp\/v2\/product\/15792","targetHints":{"allow":["GET"]}}],"collection":[{"href":"https:\/\/promochaudiere.be\/nl\/wp-json\/wp\/v2\/product"}],"about":[{"href":"https:\/\/promochaudiere.be\/nl\/wp-json\/wp\/v2\/types\/product"}],"replies":[{"embeddable":true,"href":"https:\/\/promochaudiere.be\/nl\/wp-json\/wp\/v2\/comments?post=15792"}],"version-history":[{"count":1,"href":"https:\/\/promochaudiere.be\/nl\/wp-json\/wp\/v2\/product\/15792\/revisions"}],"predecessor-version":[{"id":44521,"href":"https:\/\/promochaudiere.be\/nl\/wp-json\/wp\/v2\/product\/15792\/revisions\/44521"}],"wp:featuredmedia":[{"embeddable":true,"href":"https:\/\/promochaudiere.be\/nl\/wp-json\/wp\/v2\/media\/21003"}],"wp:attachment":[{"href":"https:\/\/promochaudiere.be\/nl\/wp-json\/wp\/v2\/media?parent=15792"}],"wp:term":[{"taxonomy":"product_brand","embeddable":true,"href":"https:\/\/promochaudiere.be\/nl\/wp-json\/wp\/v2\/product_brand?post=15792"},{"taxonomy":"product_cat","embeddable":true,"href":"https:\/\/promochaudiere.be\/nl\/wp-json\/wp\/v2\/product_cat?post=15792"},{"taxonomy":"product_tag","embeddable":true,"href":"https:\/\/promochaudiere.be\/nl\/wp-json\/wp\/v2\/product_tag?post=15792"}],"curies":[{"name":"wp","href":"https:\/\/api.w.org\/{rel}","templated":true}]}}