{"id":15793,"date":"2025-01-17T10:01:48","date_gmt":"2025-01-17T10:01:48","guid":{"rendered":"https:\/\/promochaudiere.be\/produit\/wilo-yonos-maxo-de-diametre-25-et-plage-de-hauteur-manometrique-nominale-0-5-7-2120639\/"},"modified":"2026-02-03T18:17:08","modified_gmt":"2026-02-03T17:17:08","slug":"wilo-yonos-maxo-de-diametre-25-et-plage-de-hauteur-manometrique-nominale-0-5-7-2120639","status":"publish","type":"product","link":"https:\/\/promochaudiere.be\/nl\/product\/wilo-yonos-maxo-de-diametre-25-et-plage-de-hauteur-manometrique-nominale-0-5-7-2120639\/","title":{"rendered":"Wilo Yonos maxo de diam\u00e8tre 25 et plage de hauteur manom\u00e9trique nominale 0.5-7 2120639"},"content":{"rendered":"<p>Ce circulateur Wilo Yonos Maxo DN25 est con\u00e7u pour assurer une distribution homog\u00e8ne de l\u2019eau chaude dans les circuits de chauffage. Son moteur performant r\u00e9duit la consommation \u00e9nerg\u00e9tique et optimise la circulation du fluide. Facile \u00e0 int\u00e9grer, il am\u00e9liore le rendement global du syst\u00e8me. Id\u00e9al pour un chauffage efficace et \u00e9conomique. Un composant cl\u00e9 pour une installation performante.<\/p>","protected":false},"excerpt":{"rendered":"<p>Wilo Yonos maxo de diam\u00e8tre 25 et plage de hauteur manom\u00e9trique nominale 0.5-7 2120639<\/p>","protected":false},"featured_media":20848,"comment_status":"open","ping_status":"closed","template":"","meta":[],"product_brand":[],"product_cat":[660],"product_tag":[],"class_list":{"0":"post-15793","1":"product","2":"type-product","3":"status-publish","4":"has-post-thumbnail","6":"product_cat-circulateur","7":"pa_marque-wilo","9":"first","10":"instock","11":"sale","12":"taxable","13":"shipping-taxable","14":"purchasable","15":"product-type-simple"},"aioseo_notices":[],"_links":{"self":[{"href":"https:\/\/promochaudiere.be\/nl\/wp-json\/wp\/v2\/product\/15793","targetHints":{"allow":["GET"]}}],"collection":[{"href":"https:\/\/promochaudiere.be\/nl\/wp-json\/wp\/v2\/product"}],"about":[{"href":"https:\/\/promochaudiere.be\/nl\/wp-json\/wp\/v2\/types\/product"}],"replies":[{"embeddable":true,"href":"https:\/\/promochaudiere.be\/nl\/wp-json\/wp\/v2\/comments?post=15793"}],"version-history":[{"count":2,"href":"https:\/\/promochaudiere.be\/nl\/wp-json\/wp\/v2\/product\/15793\/revisions"}],"predecessor-version":[{"id":52767,"href":"https:\/\/promochaudiere.be\/nl\/wp-json\/wp\/v2\/product\/15793\/revisions\/52767"}],"wp:featuredmedia":[{"embeddable":true,"href":"https:\/\/promochaudiere.be\/nl\/wp-json\/wp\/v2\/media\/20848"}],"wp:attachment":[{"href":"https:\/\/promochaudiere.be\/nl\/wp-json\/wp\/v2\/media?parent=15793"}],"wp:term":[{"taxonomy":"product_brand","embeddable":true,"href":"https:\/\/promochaudiere.be\/nl\/wp-json\/wp\/v2\/product_brand?post=15793"},{"taxonomy":"product_cat","embeddable":true,"href":"https:\/\/promochaudiere.be\/nl\/wp-json\/wp\/v2\/product_cat?post=15793"},{"taxonomy":"product_tag","embeddable":true,"href":"https:\/\/promochaudiere.be\/nl\/wp-json\/wp\/v2\/product_tag?post=15793"}],"curies":[{"name":"wp","href":"https:\/\/api.w.org\/{rel}","templated":true}]}}