{"id":15794,"date":"2025-01-17T10:01:48","date_gmt":"2025-01-17T10:01:48","guid":{"rendered":"https:\/\/promochaudiere.be\/produit\/dab-pompe-immergee-de-serie-pulsar-dry-40-50-m-na-plus-pc-plus-cable-15m-60210534\/"},"modified":"2026-02-03T18:17:12","modified_gmt":"2026-02-03T17:17:12","slug":"dab-pompe-immergee-de-serie-pulsar-dry-40-50-m-na-plus-pc-plus-cable-15m-60210534","status":"publish","type":"product","link":"https:\/\/promochaudiere.be\/nl\/product\/dab-pompe-immergee-de-serie-pulsar-dry-40-50-m-na-plus-pc-plus-cable-15m-60210534\/","title":{"rendered":"DAB pompe immerg\u00e9e de s\u00e9rie Pulsar dry 40\/50 m-na plus pc plus c\u00e2ble 15m 60210534"},"content":{"rendered":"<p>Cette pompe immerg\u00e9e de la s\u00e9rie Pulsar Dry assure un pompage efficace en milieu immerg\u00e9. Son c\u00e2ble de 15 m\u00e8tres permet une installation flexible. Elle garantit un fonctionnement automatique gr\u00e2ce au Presscontrol int\u00e9gr\u00e9. Sa conception robuste lui assure une r\u00e9sistance optimale aux conditions difficiles. Id\u00e9ale pour l\u2019irrigation et l\u2019approvisionnement domestique. Une solution performante pour une gestion optimale de l\u2019eau.<\/p>","protected":false},"excerpt":{"rendered":"<p>DAB pompe immerg\u00e9e de s\u00e9rie Pulsar dry 40\/50 m-na plus pc plus c\u00e2ble 15m 60210534<\/p>","protected":false},"featured_media":21007,"comment_status":"open","ping_status":"closed","template":"","meta":[],"product_brand":[],"product_cat":[706],"product_tag":[],"class_list":{"0":"post-15794","1":"product","2":"type-product","3":"status-publish","4":"has-post-thumbnail","6":"product_cat-pompe-hydrophore","7":"pa_marque-dab","9":"first","10":"instock","11":"sale","12":"taxable","13":"shipping-taxable","14":"purchasable","15":"product-type-simple"},"aioseo_notices":[],"_links":{"self":[{"href":"https:\/\/promochaudiere.be\/nl\/wp-json\/wp\/v2\/product\/15794","targetHints":{"allow":["GET"]}}],"collection":[{"href":"https:\/\/promochaudiere.be\/nl\/wp-json\/wp\/v2\/product"}],"about":[{"href":"https:\/\/promochaudiere.be\/nl\/wp-json\/wp\/v2\/types\/product"}],"replies":[{"embeddable":true,"href":"https:\/\/promochaudiere.be\/nl\/wp-json\/wp\/v2\/comments?post=15794"}],"version-history":[{"count":1,"href":"https:\/\/promochaudiere.be\/nl\/wp-json\/wp\/v2\/product\/15794\/revisions"}],"predecessor-version":[{"id":44519,"href":"https:\/\/promochaudiere.be\/nl\/wp-json\/wp\/v2\/product\/15794\/revisions\/44519"}],"wp:featuredmedia":[{"embeddable":true,"href":"https:\/\/promochaudiere.be\/nl\/wp-json\/wp\/v2\/media\/21007"}],"wp:attachment":[{"href":"https:\/\/promochaudiere.be\/nl\/wp-json\/wp\/v2\/media?parent=15794"}],"wp:term":[{"taxonomy":"product_brand","embeddable":true,"href":"https:\/\/promochaudiere.be\/nl\/wp-json\/wp\/v2\/product_brand?post=15794"},{"taxonomy":"product_cat","embeddable":true,"href":"https:\/\/promochaudiere.be\/nl\/wp-json\/wp\/v2\/product_cat?post=15794"},{"taxonomy":"product_tag","embeddable":true,"href":"https:\/\/promochaudiere.be\/nl\/wp-json\/wp\/v2\/product_tag?post=15794"}],"curies":[{"name":"wp","href":"https:\/\/api.w.org\/{rel}","templated":true}]}}