{"id":15802,"date":"2025-01-17T10:01:50","date_gmt":"2025-01-17T10:01:50","guid":{"rendered":"https:\/\/promochaudiere.be\/produit\/grundfos-unilift-ap50b-50-08-pompe-immergee-pour-eaux-useestoilettes230v-10m-96004587\/"},"modified":"2026-02-03T18:17:11","modified_gmt":"2026-02-03T17:17:11","slug":"grundfos-unilift-ap50b-50-08-pompe-immergee-pour-eaux-useestoilettes230v-10m-96004587","status":"publish","type":"product","link":"https:\/\/promochaudiere.be\/nl\/product\/grundfos-unilift-ap50b-50-08-pompe-immergee-pour-eaux-useestoilettes230v-10m-96004587\/","title":{"rendered":"Grundfos UNILIFT AP50B.50.08 pompe immerg\u00e9e pour eaux us\u00e9es+toilettes230V-10M 96004587"},"content":{"rendered":"<p>La pompe Grundfos UNILIFT AP50B.50.08 est con\u00e7ue pour \u00e9vacuer les eaux us\u00e9es contenant des particules solides jusqu\u2019\u00e0 50 mm. Gr\u00e2ce \u00e0 son moteur puissant, elle garantit un pompage rapide et efficace. Son corps en acier inoxydable assure une r\u00e9sistance maximale \u00e0 la corrosion et prolonge sa dur\u00e9e de vie. Parfaite pour les applications domestiques et industrielles n\u00e9cessitant une \u00e9vacuation fiable des eaux charg\u00e9es. Un \u00e9quipement robuste pour un fonctionnement sans faille.<\/p>","protected":false},"excerpt":{"rendered":"<p>Grundfos UNILIFT AP50B.50.08 pompe immerg\u00e9e pour eaux us\u00e9es+toilettes230V-10M 96004587<\/p>","protected":false},"featured_media":20920,"comment_status":"open","ping_status":"closed","template":"","meta":[],"product_brand":[],"product_cat":[298],"product_tag":[],"class_list":{"0":"post-15802","1":"product","2":"type-product","3":"status-publish","4":"has-post-thumbnail","6":"product_cat-pompe","7":"pa_marque-grundfos","9":"first","10":"instock","11":"sale","12":"taxable","13":"shipping-taxable","14":"purchasable","15":"product-type-simple"},"aioseo_notices":[],"_links":{"self":[{"href":"https:\/\/promochaudiere.be\/nl\/wp-json\/wp\/v2\/product\/15802","targetHints":{"allow":["GET"]}}],"collection":[{"href":"https:\/\/promochaudiere.be\/nl\/wp-json\/wp\/v2\/product"}],"about":[{"href":"https:\/\/promochaudiere.be\/nl\/wp-json\/wp\/v2\/types\/product"}],"replies":[{"embeddable":true,"href":"https:\/\/promochaudiere.be\/nl\/wp-json\/wp\/v2\/comments?post=15802"}],"version-history":[{"count":1,"href":"https:\/\/promochaudiere.be\/nl\/wp-json\/wp\/v2\/product\/15802\/revisions"}],"predecessor-version":[{"id":44515,"href":"https:\/\/promochaudiere.be\/nl\/wp-json\/wp\/v2\/product\/15802\/revisions\/44515"}],"wp:featuredmedia":[{"embeddable":true,"href":"https:\/\/promochaudiere.be\/nl\/wp-json\/wp\/v2\/media\/20920"}],"wp:attachment":[{"href":"https:\/\/promochaudiere.be\/nl\/wp-json\/wp\/v2\/media?parent=15802"}],"wp:term":[{"taxonomy":"product_brand","embeddable":true,"href":"https:\/\/promochaudiere.be\/nl\/wp-json\/wp\/v2\/product_brand?post=15802"},{"taxonomy":"product_cat","embeddable":true,"href":"https:\/\/promochaudiere.be\/nl\/wp-json\/wp\/v2\/product_cat?post=15802"},{"taxonomy":"product_tag","embeddable":true,"href":"https:\/\/promochaudiere.be\/nl\/wp-json\/wp\/v2\/product_tag?post=15802"}],"curies":[{"name":"wp","href":"https:\/\/api.w.org\/{rel}","templated":true}]}}