{"id":15803,"date":"2025-01-17T10:01:51","date_gmt":"2025-01-17T10:01:51","guid":{"rendered":"https:\/\/promochaudiere.be\/produit\/grundfos-circulateur-chauffage-central-magna1-32-60-l180-2-99221234\/"},"modified":"2026-02-03T19:40:14","modified_gmt":"2026-02-03T18:40:14","slug":"grundfos-circulateur-chauffage-central-magna1-32-60-l180-2-99221234","status":"publish","type":"product","link":"https:\/\/promochaudiere.be\/nl\/product\/grundfos-circulateur-chauffage-central-magna1-32-60-l180-2-99221234\/","title":{"rendered":"Grundfos circulateur  chauffage central magna1 32-60   L180 2  99221234"},"content":{"rendered":"<p>Le circulateur Grundfos Magna1 32-80 est con\u00e7u pour maximiser l\u2019efficacit\u00e9 \u00e9nerg\u00e9tique des syst\u00e8mes de chauffage. Son moteur haute performance ajuste automatiquement son d\u00e9bit pour une consommation optimis\u00e9e. Sa structure compacte et robuste facilite son int\u00e9gration dans diverses installations. Un choix judicieux pour am\u00e9liorer le rendement thermique et r\u00e9duire la consommation \u00e9lectrique.<\/p>","protected":false},"excerpt":{"rendered":"<p>Grundfos circulateur  chauffage central magna1 32-60   L180 2  99221234<\/p>","protected":false},"featured_media":20943,"comment_status":"open","ping_status":"closed","template":"","meta":[],"product_brand":[],"product_cat":[660],"product_tag":[],"class_list":{"0":"post-15803","1":"product","2":"type-product","3":"status-publish","4":"has-post-thumbnail","6":"product_cat-circulateur","7":"pa_marque-grundfos","9":"first","10":"instock","11":"sale","12":"taxable","13":"shipping-taxable","14":"purchasable","15":"product-type-simple"},"aioseo_notices":[],"_links":{"self":[{"href":"https:\/\/promochaudiere.be\/nl\/wp-json\/wp\/v2\/product\/15803","targetHints":{"allow":["GET"]}}],"collection":[{"href":"https:\/\/promochaudiere.be\/nl\/wp-json\/wp\/v2\/product"}],"about":[{"href":"https:\/\/promochaudiere.be\/nl\/wp-json\/wp\/v2\/types\/product"}],"replies":[{"embeddable":true,"href":"https:\/\/promochaudiere.be\/nl\/wp-json\/wp\/v2\/comments?post=15803"}],"version-history":[{"count":1,"href":"https:\/\/promochaudiere.be\/nl\/wp-json\/wp\/v2\/product\/15803\/revisions"}],"predecessor-version":[{"id":44511,"href":"https:\/\/promochaudiere.be\/nl\/wp-json\/wp\/v2\/product\/15803\/revisions\/44511"}],"wp:featuredmedia":[{"embeddable":true,"href":"https:\/\/promochaudiere.be\/nl\/wp-json\/wp\/v2\/media\/20943"}],"wp:attachment":[{"href":"https:\/\/promochaudiere.be\/nl\/wp-json\/wp\/v2\/media?parent=15803"}],"wp:term":[{"taxonomy":"product_brand","embeddable":true,"href":"https:\/\/promochaudiere.be\/nl\/wp-json\/wp\/v2\/product_brand?post=15803"},{"taxonomy":"product_cat","embeddable":true,"href":"https:\/\/promochaudiere.be\/nl\/wp-json\/wp\/v2\/product_cat?post=15803"},{"taxonomy":"product_tag","embeddable":true,"href":"https:\/\/promochaudiere.be\/nl\/wp-json\/wp\/v2\/product_tag?post=15803"}],"curies":[{"name":"wp","href":"https:\/\/api.w.org\/{rel}","templated":true}]}}