{"id":15804,"date":"2025-01-17T10:01:51","date_gmt":"2025-01-17T10:01:51","guid":{"rendered":"https:\/\/promochaudiere.be\/produit\/reflex-vase-d%c2%92expansion-reflex-epdm-n400-400-l-8218000\/"},"modified":"2026-02-03T19:40:14","modified_gmt":"2026-02-03T18:40:14","slug":"reflex-vase-d%c2%92expansion-reflex-epdm-n400-400-l-8218000","status":"publish","type":"product","link":"https:\/\/promochaudiere.be\/nl\/product\/reflex-vase-d%c2%92expansion-reflex-epdm-n400-400-l-8218000\/","title":{"rendered":"Reflex vase d&rsquo;expansion reflex epdm n400 &#8211; 400 l 8218000"},"content":{"rendered":"<p>Ce vase Reflex N400 est con\u00e7u pour assurer une compensation efficace des variations de pression dans les circuits de chauffage. D\u2019une capacit\u00e9 de 400 litres, il prot\u00e8ge les \u00e9quipements contre les surpressions et am\u00e9liore leur durabilit\u00e9. Son syst\u00e8me \u00e9tanche en EPDM garantit une r\u00e9sistance optimale. Un \u00e9quipement essentiel pour les installations exigeantes.<\/p>","protected":false},"excerpt":{"rendered":"<p>Reflex vase d\u0092expansion reflex epdm n400 &#8211; 400 l 8218000<\/p>","protected":false},"featured_media":20903,"comment_status":"open","ping_status":"closed","template":"","meta":[],"product_brand":[],"product_cat":[11001],"product_tag":[],"class_list":{"0":"post-15804","1":"product","2":"type-product","3":"status-publish","4":"has-post-thumbnail","6":"product_cat-vase-dexpansion-chauffage","7":"pa_marque-reflex","9":"first","10":"instock","11":"sale","12":"taxable","13":"shipping-taxable","14":"purchasable","15":"product-type-simple"},"aioseo_notices":[],"_links":{"self":[{"href":"https:\/\/promochaudiere.be\/nl\/wp-json\/wp\/v2\/product\/15804","targetHints":{"allow":["GET"]}}],"collection":[{"href":"https:\/\/promochaudiere.be\/nl\/wp-json\/wp\/v2\/product"}],"about":[{"href":"https:\/\/promochaudiere.be\/nl\/wp-json\/wp\/v2\/types\/product"}],"replies":[{"embeddable":true,"href":"https:\/\/promochaudiere.be\/nl\/wp-json\/wp\/v2\/comments?post=15804"}],"version-history":[{"count":1,"href":"https:\/\/promochaudiere.be\/nl\/wp-json\/wp\/v2\/product\/15804\/revisions"}],"predecessor-version":[{"id":44512,"href":"https:\/\/promochaudiere.be\/nl\/wp-json\/wp\/v2\/product\/15804\/revisions\/44512"}],"wp:featuredmedia":[{"embeddable":true,"href":"https:\/\/promochaudiere.be\/nl\/wp-json\/wp\/v2\/media\/20903"}],"wp:attachment":[{"href":"https:\/\/promochaudiere.be\/nl\/wp-json\/wp\/v2\/media?parent=15804"}],"wp:term":[{"taxonomy":"product_brand","embeddable":true,"href":"https:\/\/promochaudiere.be\/nl\/wp-json\/wp\/v2\/product_brand?post=15804"},{"taxonomy":"product_cat","embeddable":true,"href":"https:\/\/promochaudiere.be\/nl\/wp-json\/wp\/v2\/product_cat?post=15804"},{"taxonomy":"product_tag","embeddable":true,"href":"https:\/\/promochaudiere.be\/nl\/wp-json\/wp\/v2\/product_tag?post=15804"}],"curies":[{"name":"wp","href":"https:\/\/api.w.org\/{rel}","templated":true}]}}