{"id":15807,"date":"2025-01-17T10:01:52","date_gmt":"2025-01-17T10:01:52","guid":{"rendered":"https:\/\/promochaudiere.be\/produit\/pompe-immergee-sb-boosterpack-3-45aw-pressostat-electr-flotteurcable-15mkit-aspiration-flottant-92813167\/"},"modified":"2026-02-03T19:40:13","modified_gmt":"2026-02-03T18:40:13","slug":"pompe-immergee-sb-boosterpack-3-45aw-pressostat-electr-flotteurcable-15mkit-aspiration-flottant-92813167","status":"publish","type":"product","link":"https:\/\/promochaudiere.be\/nl\/product\/pompe-immergee-sb-boosterpack-3-45aw-pressostat-electr-flotteurcable-15mkit-aspiration-flottant-92813167\/","title":{"rendered":"POMPE IMMERGEE SB BOOSTERPACK 3-45AW +PRESSOSTAT ELECTR.+FLOTTEUR+C\u00c2BLE 15M+KIT ASPIRATION FLOTTANT 92813167"},"content":{"rendered":"<p>Le pack booster Grundfos SB 3-45AW est con\u00e7u pour maximiser la pression et le d\u00e9bit d\u2019eau dans votre installation. \u00c9quip\u00e9 d\u2019un pressostat, il permet une gestion automatique et intelligente de l\u2019alimentation en eau. Son moteur performant assure une distribution homog\u00e8ne et constante. Facile \u00e0 mettre en place, il est parfait pour les syst\u00e8mes domestiques et agricoles n\u00e9cessitant une pression stable. Un \u00e9quipement essentiel pour un confort optimal et une efficacit\u00e9 \u00e9nerg\u00e9tique accrue.<\/p>","protected":false},"excerpt":{"rendered":"<p>POMPE IMMERGEE SB BOOSTERPACK 3-45AW +PRESSOSTAT ELECTR.+FLOTTEUR+C\u00c2BLE 15M+KIT ASPIRATION FLOTTANT 92813167<\/p>","protected":false},"featured_media":20964,"comment_status":"open","ping_status":"closed","template":"","meta":[],"product_brand":[],"product_cat":[298],"product_tag":[],"class_list":{"0":"post-15807","1":"product","2":"type-product","3":"status-publish","4":"has-post-thumbnail","6":"product_cat-pompe","7":"pa_marque-grundfos","9":"first","10":"instock","11":"sale","12":"taxable","13":"shipping-taxable","14":"purchasable","15":"product-type-simple"},"aioseo_notices":[],"_links":{"self":[{"href":"https:\/\/promochaudiere.be\/nl\/wp-json\/wp\/v2\/product\/15807","targetHints":{"allow":["GET"]}}],"collection":[{"href":"https:\/\/promochaudiere.be\/nl\/wp-json\/wp\/v2\/product"}],"about":[{"href":"https:\/\/promochaudiere.be\/nl\/wp-json\/wp\/v2\/types\/product"}],"replies":[{"embeddable":true,"href":"https:\/\/promochaudiere.be\/nl\/wp-json\/wp\/v2\/comments?post=15807"}],"version-history":[{"count":1,"href":"https:\/\/promochaudiere.be\/nl\/wp-json\/wp\/v2\/product\/15807\/revisions"}],"predecessor-version":[{"id":44509,"href":"https:\/\/promochaudiere.be\/nl\/wp-json\/wp\/v2\/product\/15807\/revisions\/44509"}],"wp:featuredmedia":[{"embeddable":true,"href":"https:\/\/promochaudiere.be\/nl\/wp-json\/wp\/v2\/media\/20964"}],"wp:attachment":[{"href":"https:\/\/promochaudiere.be\/nl\/wp-json\/wp\/v2\/media?parent=15807"}],"wp:term":[{"taxonomy":"product_brand","embeddable":true,"href":"https:\/\/promochaudiere.be\/nl\/wp-json\/wp\/v2\/product_brand?post=15807"},{"taxonomy":"product_cat","embeddable":true,"href":"https:\/\/promochaudiere.be\/nl\/wp-json\/wp\/v2\/product_cat?post=15807"},{"taxonomy":"product_tag","embeddable":true,"href":"https:\/\/promochaudiere.be\/nl\/wp-json\/wp\/v2\/product_tag?post=15807"}],"curies":[{"name":"wp","href":"https:\/\/api.w.org\/{rel}","templated":true}]}}