{"id":15811,"date":"2025-01-17T10:01:53","date_gmt":"2025-01-17T10:01:53","guid":{"rendered":"https:\/\/promochaudiere.be\/produit\/grundfos-circulateur-chauffage-central-magna1-32-80-l180-2-99221235\/"},"modified":"2026-02-03T19:40:14","modified_gmt":"2026-02-03T18:40:14","slug":"grundfos-circulateur-chauffage-central-magna1-32-80-l180-2-99221235","status":"publish","type":"product","link":"https:\/\/promochaudiere.be\/nl\/product\/grundfos-circulateur-chauffage-central-magna1-32-80-l180-2-99221235\/","title":{"rendered":"Grundfos circulateur  chauffage central magna1 32-80   L180 2  99221235"},"content":{"rendered":"<p>Le circulateur Grundfos Magna1 40-40 garantit une distribution fluide et homog\u00e8ne de la chaleur dans les circuits de chauffage. Gr\u00e2ce \u00e0 sa r\u00e9gulation intelligente, il ajuste son d\u00e9bit en fonction de la demande, limitant ainsi les pertes \u00e9nerg\u00e9tiques. Son moteur basse consommation assure un fonctionnement silencieux et durable. Une solution id\u00e9ale pour une gestion efficace du chauffage.<\/p>","protected":false},"excerpt":{"rendered":"<p>Grundfos circulateur  chauffage central magna1 32-80   L180 2  99221235<\/p>","protected":false},"featured_media":20944,"comment_status":"open","ping_status":"closed","template":"","meta":[],"product_brand":[],"product_cat":[660],"product_tag":[],"class_list":{"0":"post-15811","1":"product","2":"type-product","3":"status-publish","4":"has-post-thumbnail","6":"product_cat-circulateur","7":"pa_marque-grundfos","9":"first","10":"instock","11":"sale","12":"taxable","13":"shipping-taxable","14":"purchasable","15":"product-type-simple"},"aioseo_notices":[],"_links":{"self":[{"href":"https:\/\/promochaudiere.be\/nl\/wp-json\/wp\/v2\/product\/15811","targetHints":{"allow":["GET"]}}],"collection":[{"href":"https:\/\/promochaudiere.be\/nl\/wp-json\/wp\/v2\/product"}],"about":[{"href":"https:\/\/promochaudiere.be\/nl\/wp-json\/wp\/v2\/types\/product"}],"replies":[{"embeddable":true,"href":"https:\/\/promochaudiere.be\/nl\/wp-json\/wp\/v2\/comments?post=15811"}],"version-history":[{"count":1,"href":"https:\/\/promochaudiere.be\/nl\/wp-json\/wp\/v2\/product\/15811\/revisions"}],"predecessor-version":[{"id":44507,"href":"https:\/\/promochaudiere.be\/nl\/wp-json\/wp\/v2\/product\/15811\/revisions\/44507"}],"wp:featuredmedia":[{"embeddable":true,"href":"https:\/\/promochaudiere.be\/nl\/wp-json\/wp\/v2\/media\/20944"}],"wp:attachment":[{"href":"https:\/\/promochaudiere.be\/nl\/wp-json\/wp\/v2\/media?parent=15811"}],"wp:term":[{"taxonomy":"product_brand","embeddable":true,"href":"https:\/\/promochaudiere.be\/nl\/wp-json\/wp\/v2\/product_brand?post=15811"},{"taxonomy":"product_cat","embeddable":true,"href":"https:\/\/promochaudiere.be\/nl\/wp-json\/wp\/v2\/product_cat?post=15811"},{"taxonomy":"product_tag","embeddable":true,"href":"https:\/\/promochaudiere.be\/nl\/wp-json\/wp\/v2\/product_tag?post=15811"}],"curies":[{"name":"wp","href":"https:\/\/api.w.org\/{rel}","templated":true}]}}