{"id":15812,"date":"2025-01-17T10:01:53","date_gmt":"2025-01-17T10:01:53","guid":{"rendered":"https:\/\/promochaudiere.be\/produit\/grundfos-circulateur-chauffage-central-magna1-25-100-l180-6-4-99221214\/"},"modified":"2026-02-03T18:17:14","modified_gmt":"2026-02-03T17:17:14","slug":"grundfos-circulateur-chauffage-central-magna1-25-100-l180-6-4-99221214","status":"publish","type":"product","link":"https:\/\/promochaudiere.be\/nl\/product\/grundfos-circulateur-chauffage-central-magna1-25-100-l180-6-4-99221214\/","title":{"rendered":"Grundfos circulateur  chauffage central magna1 25-100   L180 6\/4  99221214"},"content":{"rendered":"<p>Optimisez votre installation de chauffage avec le circulateur Grundfos Magna1 25-60. Gr\u00e2ce \u00e0 son moteur basse consommation, il r\u00e9duit les co\u00fbts \u00e9nerg\u00e9tiques tout en assurant une distribution homog\u00e8ne de la chaleur. Son installation intuitive et sa compatibilit\u00e9 avec de nombreux syst\u00e8mes en font un choix id\u00e9al. Un \u00e9quipement fiable pour am\u00e9liorer l\u2019efficacit\u00e9 \u00e9nerg\u00e9tique et le confort thermique.<\/p>","protected":false},"excerpt":{"rendered":"<p>Grundfos circulateur  chauffage central magna1 25-100   L180 6\/4  99221214<\/p>","protected":false},"featured_media":20978,"comment_status":"open","ping_status":"closed","template":"","meta":[],"product_brand":[],"product_cat":[660],"product_tag":[],"class_list":{"0":"post-15812","1":"product","2":"type-product","3":"status-publish","4":"has-post-thumbnail","6":"product_cat-circulateur","7":"pa_marque-grundfos","9":"first","10":"instock","11":"sale","12":"taxable","13":"shipping-taxable","14":"purchasable","15":"product-type-simple"},"aioseo_notices":[],"_links":{"self":[{"href":"https:\/\/promochaudiere.be\/nl\/wp-json\/wp\/v2\/product\/15812","targetHints":{"allow":["GET"]}}],"collection":[{"href":"https:\/\/promochaudiere.be\/nl\/wp-json\/wp\/v2\/product"}],"about":[{"href":"https:\/\/promochaudiere.be\/nl\/wp-json\/wp\/v2\/types\/product"}],"replies":[{"embeddable":true,"href":"https:\/\/promochaudiere.be\/nl\/wp-json\/wp\/v2\/comments?post=15812"}],"version-history":[{"count":1,"href":"https:\/\/promochaudiere.be\/nl\/wp-json\/wp\/v2\/product\/15812\/revisions"}],"predecessor-version":[{"id":44508,"href":"https:\/\/promochaudiere.be\/nl\/wp-json\/wp\/v2\/product\/15812\/revisions\/44508"}],"wp:featuredmedia":[{"embeddable":true,"href":"https:\/\/promochaudiere.be\/nl\/wp-json\/wp\/v2\/media\/20978"}],"wp:attachment":[{"href":"https:\/\/promochaudiere.be\/nl\/wp-json\/wp\/v2\/media?parent=15812"}],"wp:term":[{"taxonomy":"product_brand","embeddable":true,"href":"https:\/\/promochaudiere.be\/nl\/wp-json\/wp\/v2\/product_brand?post=15812"},{"taxonomy":"product_cat","embeddable":true,"href":"https:\/\/promochaudiere.be\/nl\/wp-json\/wp\/v2\/product_cat?post=15812"},{"taxonomy":"product_tag","embeddable":true,"href":"https:\/\/promochaudiere.be\/nl\/wp-json\/wp\/v2\/product_tag?post=15812"}],"curies":[{"name":"wp","href":"https:\/\/api.w.org\/{rel}","templated":true}]}}