{"id":15813,"date":"2025-01-17T10:01:54","date_gmt":"2025-01-17T10:01:54","guid":{"rendered":"https:\/\/promochaudiere.be\/produit\/d-radiateur-times-electrique-600-1750mm-900w-noir-mat-163927\/"},"modified":"2026-02-03T18:17:14","modified_gmt":"2026-02-03T17:17:14","slug":"d-radiateur-times-electrique-600-1750mm-900w-noir-mat-163927","status":"publish","type":"product","link":"https:\/\/promochaudiere.be\/nl\/product\/d-radiateur-times-electrique-600-1750mm-900w-noir-mat-163927\/","title":{"rendered":"D-radiateur Times \u00e9lectrique 600\/1750mm 900w noir mat 163927"},"content":{"rendered":"<p>Ce radiateur \u00e9lectrique Times en finition noir mat allie performance et \u00e9l\u00e9gance pour un chauffage optimal. D\u2019une puissance de 900W, il assure une diffusion efficace de la chaleur tout en restant \u00e9conomique. Son format 600\/1750mm le rend discret et facile \u00e0 int\u00e9grer dans divers environnements. Son rev\u00eatement noir mat r\u00e9sistant aux rayures apporte une touche design et contemporaine. Facile \u00e0 poser, il fonctionne de mani\u00e8re autonome et garantit une chaleur constante. Une solution id\u00e9ale pour un int\u00e9rieur confortable et raffin\u00e9.<\/p>","protected":false},"excerpt":{"rendered":"<p>D-radiateur Times \u00e9lectrique 600\/1750mm 900w noir mat 163927<\/p>","protected":false},"featured_media":20792,"comment_status":"open","ping_status":"closed","template":"","meta":[],"product_brand":[],"product_cat":[572],"product_tag":[],"class_list":{"0":"post-15813","1":"product","2":"type-product","3":"status-publish","4":"has-post-thumbnail","6":"product_cat-seche-serviette","8":"first","9":"instock","10":"sale","11":"taxable","12":"shipping-taxable","13":"purchasable","14":"product-type-simple"},"aioseo_notices":[],"_links":{"self":[{"href":"https:\/\/promochaudiere.be\/nl\/wp-json\/wp\/v2\/product\/15813","targetHints":{"allow":["GET"]}}],"collection":[{"href":"https:\/\/promochaudiere.be\/nl\/wp-json\/wp\/v2\/product"}],"about":[{"href":"https:\/\/promochaudiere.be\/nl\/wp-json\/wp\/v2\/types\/product"}],"replies":[{"embeddable":true,"href":"https:\/\/promochaudiere.be\/nl\/wp-json\/wp\/v2\/comments?post=15813"}],"version-history":[{"count":2,"href":"https:\/\/promochaudiere.be\/nl\/wp-json\/wp\/v2\/product\/15813\/revisions"}],"predecessor-version":[{"id":52761,"href":"https:\/\/promochaudiere.be\/nl\/wp-json\/wp\/v2\/product\/15813\/revisions\/52761"}],"wp:featuredmedia":[{"embeddable":true,"href":"https:\/\/promochaudiere.be\/nl\/wp-json\/wp\/v2\/media\/20792"}],"wp:attachment":[{"href":"https:\/\/promochaudiere.be\/nl\/wp-json\/wp\/v2\/media?parent=15813"}],"wp:term":[{"taxonomy":"product_brand","embeddable":true,"href":"https:\/\/promochaudiere.be\/nl\/wp-json\/wp\/v2\/product_brand?post=15813"},{"taxonomy":"product_cat","embeddable":true,"href":"https:\/\/promochaudiere.be\/nl\/wp-json\/wp\/v2\/product_cat?post=15813"},{"taxonomy":"product_tag","embeddable":true,"href":"https:\/\/promochaudiere.be\/nl\/wp-json\/wp\/v2\/product_tag?post=15813"}],"curies":[{"name":"wp","href":"https:\/\/api.w.org\/{rel}","templated":true}]}}