{"id":15814,"date":"2025-01-17T10:01:54","date_gmt":"2025-01-17T10:01:54","guid":{"rendered":"https:\/\/promochaudiere.be\/produit\/grundfos-circulateur-chauffage-central-magna3-25-80-de-longueur-180mm-6-4-97924246\/"},"modified":"2026-02-03T18:17:14","modified_gmt":"2026-02-03T17:17:14","slug":"grundfos-circulateur-chauffage-central-magna3-25-80-de-longueur-180mm-6-4-97924246","status":"publish","type":"product","link":"https:\/\/promochaudiere.be\/nl\/product\/grundfos-circulateur-chauffage-central-magna3-25-80-de-longueur-180mm-6-4-97924246\/","title":{"rendered":"Grundfos circulateur  chauffage central Magna3 25-80 de longueur 180mm 6\/4  97924246"},"content":{"rendered":"<p>Le circulateur Grundfos Magna3 32-40 est con\u00e7u pour maximiser l\u2019efficacit\u00e9 des syst\u00e8mes de chauffage central. Gr\u00e2ce \u00e0 sa r\u00e9gulation intelligente, il adapte son fonctionnement aux variations de demande, assurant ainsi un confort thermique optimal. Son moteur \u00e0 haut rendement \u00e9nerg\u00e9tique r\u00e9duit la consommation \u00e9lectrique et prolonge la dur\u00e9e de vie de l\u2019installation. Facile \u00e0 int\u00e9grer, il s\u2019adapte aux syst\u00e8mes modernes de chauffage. Une solution performante pour un chauffage \u00e9conomique et \u00e9cologique.<\/p>","protected":false},"excerpt":{"rendered":"<p>Grundfos circulateur  chauffage central Magna3 25-80 de longueur 180mm 6\/4  97924246<\/p>","protected":false},"featured_media":20952,"comment_status":"open","ping_status":"closed","template":"","meta":[],"product_brand":[],"product_cat":[660],"product_tag":[],"class_list":{"0":"post-15814","1":"product","2":"type-product","3":"status-publish","4":"has-post-thumbnail","6":"product_cat-circulateur","7":"pa_marque-grundfos","9":"first","10":"instock","11":"sale","12":"taxable","13":"shipping-taxable","14":"purchasable","15":"product-type-simple"},"aioseo_notices":[],"_links":{"self":[{"href":"https:\/\/promochaudiere.be\/nl\/wp-json\/wp\/v2\/product\/15814","targetHints":{"allow":["GET"]}}],"collection":[{"href":"https:\/\/promochaudiere.be\/nl\/wp-json\/wp\/v2\/product"}],"about":[{"href":"https:\/\/promochaudiere.be\/nl\/wp-json\/wp\/v2\/types\/product"}],"replies":[{"embeddable":true,"href":"https:\/\/promochaudiere.be\/nl\/wp-json\/wp\/v2\/comments?post=15814"}],"version-history":[{"count":1,"href":"https:\/\/promochaudiere.be\/nl\/wp-json\/wp\/v2\/product\/15814\/revisions"}],"predecessor-version":[{"id":44506,"href":"https:\/\/promochaudiere.be\/nl\/wp-json\/wp\/v2\/product\/15814\/revisions\/44506"}],"wp:featuredmedia":[{"embeddable":true,"href":"https:\/\/promochaudiere.be\/nl\/wp-json\/wp\/v2\/media\/20952"}],"wp:attachment":[{"href":"https:\/\/promochaudiere.be\/nl\/wp-json\/wp\/v2\/media?parent=15814"}],"wp:term":[{"taxonomy":"product_brand","embeddable":true,"href":"https:\/\/promochaudiere.be\/nl\/wp-json\/wp\/v2\/product_brand?post=15814"},{"taxonomy":"product_cat","embeddable":true,"href":"https:\/\/promochaudiere.be\/nl\/wp-json\/wp\/v2\/product_cat?post=15814"},{"taxonomy":"product_tag","embeddable":true,"href":"https:\/\/promochaudiere.be\/nl\/wp-json\/wp\/v2\/product_tag?post=15814"}],"curies":[{"name":"wp","href":"https:\/\/api.w.org\/{rel}","templated":true}]}}