{"id":15815,"date":"2025-01-17T10:01:54","date_gmt":"2025-01-17T10:01:54","guid":{"rendered":"https:\/\/promochaudiere.be\/produit\/wilo-yonos-maxo-de-diametre-30-et-plage-de-hauteur-manometrique-nominale-05-7-2120642\/"},"modified":"2026-02-03T18:17:13","modified_gmt":"2026-02-03T17:17:13","slug":"wilo-yonos-maxo-de-diametre-30-et-plage-de-hauteur-manometrique-nominale-05-7-2120642","status":"publish","type":"product","link":"https:\/\/promochaudiere.be\/nl\/product\/wilo-yonos-maxo-de-diametre-30-et-plage-de-hauteur-manometrique-nominale-05-7-2120642\/","title":{"rendered":"Wilo Yonos maxo de diam\u00e8tre 30 et plage de hauteur manom\u00e9trique nominale 0,5-7 2120642"},"content":{"rendered":"<p>Ce circulateur Wilo Yonos Maxo DN30 est con\u00e7u pour les installations n\u00e9cessitant un contr\u00f4le pr\u00e9cis de la pression. Son moteur \u00e0 haut rendement permet une gestion intelligente de la consommation \u00e9nerg\u00e9tique. Facile \u00e0 monter, il optimise la r\u00e9partition de la chaleur dans le circuit de chauffage. Son format DN30 assure une compatibilit\u00e9 avec divers \u00e9quipements. Un \u00e9l\u00e9ment cl\u00e9 pour am\u00e9liorer l\u2019efficacit\u00e9 \u00e9nerg\u00e9tique.<\/p>","protected":false},"excerpt":{"rendered":"<p>Wilo Yonos maxo de diam\u00e8tre 30 et plage de hauteur manom\u00e9trique nominale 0,5-7 2120642<\/p>","protected":false},"featured_media":20850,"comment_status":"open","ping_status":"closed","template":"","meta":[],"product_brand":[],"product_cat":[660],"product_tag":[],"class_list":{"0":"post-15815","1":"product","2":"type-product","3":"status-publish","4":"has-post-thumbnail","6":"product_cat-circulateur","7":"pa_marque-wilo","9":"first","10":"instock","11":"sale","12":"taxable","13":"shipping-taxable","14":"purchasable","15":"product-type-simple"},"aioseo_notices":[],"_links":{"self":[{"href":"https:\/\/promochaudiere.be\/nl\/wp-json\/wp\/v2\/product\/15815","targetHints":{"allow":["GET"]}}],"collection":[{"href":"https:\/\/promochaudiere.be\/nl\/wp-json\/wp\/v2\/product"}],"about":[{"href":"https:\/\/promochaudiere.be\/nl\/wp-json\/wp\/v2\/types\/product"}],"replies":[{"embeddable":true,"href":"https:\/\/promochaudiere.be\/nl\/wp-json\/wp\/v2\/comments?post=15815"}],"version-history":[{"count":2,"href":"https:\/\/promochaudiere.be\/nl\/wp-json\/wp\/v2\/product\/15815\/revisions"}],"predecessor-version":[{"id":52760,"href":"https:\/\/promochaudiere.be\/nl\/wp-json\/wp\/v2\/product\/15815\/revisions\/52760"}],"wp:featuredmedia":[{"embeddable":true,"href":"https:\/\/promochaudiere.be\/nl\/wp-json\/wp\/v2\/media\/20850"}],"wp:attachment":[{"href":"https:\/\/promochaudiere.be\/nl\/wp-json\/wp\/v2\/media?parent=15815"}],"wp:term":[{"taxonomy":"product_brand","embeddable":true,"href":"https:\/\/promochaudiere.be\/nl\/wp-json\/wp\/v2\/product_brand?post=15815"},{"taxonomy":"product_cat","embeddable":true,"href":"https:\/\/promochaudiere.be\/nl\/wp-json\/wp\/v2\/product_cat?post=15815"},{"taxonomy":"product_tag","embeddable":true,"href":"https:\/\/promochaudiere.be\/nl\/wp-json\/wp\/v2\/product_tag?post=15815"}],"curies":[{"name":"wp","href":"https:\/\/api.w.org\/{rel}","templated":true}]}}