{"id":15818,"date":"2025-01-17T10:01:55","date_gmt":"2025-01-17T10:01:55","guid":{"rendered":"https:\/\/promochaudiere.be\/produit\/wilo-yonos-maxo-40-05-4-mono-2120645\/"},"modified":"2026-02-03T18:17:14","modified_gmt":"2026-02-03T17:17:14","slug":"wilo-yonos-maxo-40-05-4-mono-2120645","status":"publish","type":"product","link":"https:\/\/promochaudiere.be\/nl\/product\/wilo-yonos-maxo-40-05-4-mono-2120645\/","title":{"rendered":"Wilo yonos maxo 40\/0,5-4 mono 2120645"},"content":{"rendered":"<p>Ce circulateur Wilo Yonos Maxo est con\u00e7u pour assurer une distribution fluide et efficace du fluide caloporteur. Son format 40\/0,5-4 Mono garantit une compatibilit\u00e9 avec divers circuits de chauffage. Son moteur basse consommation r\u00e9duit les co\u00fbts \u00e9nerg\u00e9tiques tout en maintenant un rendement optimal. Facile \u00e0 installer, il am\u00e9liore le confort thermique et prolonge la dur\u00e9e de vie des installations. Un choix id\u00e9al pour une gestion thermique performante.<\/p>","protected":false},"excerpt":{"rendered":"<p>Wilo yonos maxo 40\/0,5-4 mono 2120645<\/p>","protected":false},"featured_media":20854,"comment_status":"open","ping_status":"closed","template":"","meta":[],"product_brand":[],"product_cat":[660],"product_tag":[],"class_list":{"0":"post-15818","1":"product","2":"type-product","3":"status-publish","4":"has-post-thumbnail","6":"product_cat-circulateur","7":"pa_marque-wilo","9":"first","10":"instock","11":"sale","12":"taxable","13":"shipping-taxable","14":"purchasable","15":"product-type-simple"},"aioseo_notices":[],"_links":{"self":[{"href":"https:\/\/promochaudiere.be\/nl\/wp-json\/wp\/v2\/product\/15818","targetHints":{"allow":["GET"]}}],"collection":[{"href":"https:\/\/promochaudiere.be\/nl\/wp-json\/wp\/v2\/product"}],"about":[{"href":"https:\/\/promochaudiere.be\/nl\/wp-json\/wp\/v2\/types\/product"}],"replies":[{"embeddable":true,"href":"https:\/\/promochaudiere.be\/nl\/wp-json\/wp\/v2\/comments?post=15818"}],"version-history":[{"count":1,"href":"https:\/\/promochaudiere.be\/nl\/wp-json\/wp\/v2\/product\/15818\/revisions"}],"predecessor-version":[{"id":52758,"href":"https:\/\/promochaudiere.be\/nl\/wp-json\/wp\/v2\/product\/15818\/revisions\/52758"}],"wp:featuredmedia":[{"embeddable":true,"href":"https:\/\/promochaudiere.be\/nl\/wp-json\/wp\/v2\/media\/20854"}],"wp:attachment":[{"href":"https:\/\/promochaudiere.be\/nl\/wp-json\/wp\/v2\/media?parent=15818"}],"wp:term":[{"taxonomy":"product_brand","embeddable":true,"href":"https:\/\/promochaudiere.be\/nl\/wp-json\/wp\/v2\/product_brand?post=15818"},{"taxonomy":"product_cat","embeddable":true,"href":"https:\/\/promochaudiere.be\/nl\/wp-json\/wp\/v2\/product_cat?post=15818"},{"taxonomy":"product_tag","embeddable":true,"href":"https:\/\/promochaudiere.be\/nl\/wp-json\/wp\/v2\/product_tag?post=15818"}],"curies":[{"name":"wp","href":"https:\/\/api.w.org\/{rel}","templated":true}]}}