{"id":15824,"date":"2025-01-17T10:01:59","date_gmt":"2025-01-17T10:01:59","guid":{"rendered":"https:\/\/promochaudiere.be\/produit\/wilo-circulateur-cc-stratos-maxo-dn25-05-8-pn10-l180-230v-sans-sonde-temperature-2217894\/"},"modified":"2026-02-03T19:40:16","modified_gmt":"2026-02-03T18:40:16","slug":"wilo-circulateur-cc-stratos-maxo-dn25-05-8-pn10-l180-230v-sans-sonde-temperature-2217894","status":"publish","type":"product","link":"https:\/\/promochaudiere.be\/nl\/product\/wilo-circulateur-cc-stratos-maxo-dn25-05-8-pn10-l180-230v-sans-sonde-temperature-2217894\/","title":{"rendered":"WILO CIRCULATEUR CC STRATOS MAXO DN25\/0,5-8 PN10 L180 230V SANS SONDE TEMPERATURE 2217894"},"content":{"rendered":"<p>Ce mod\u00e8le Wilo DN25\/0,5-8 PN10 est con\u00e7u pour une r\u00e9gulation pr\u00e9cise du d\u00e9bit d\u2019eau dans les circuits hydrauliques. Son moteur haute performance assure une consommation r\u00e9duite et un rendement optimis\u00e9. Facile \u00e0 poser, il garantit une performance \u00e9nerg\u00e9tique accrue.<\/p>","protected":false},"excerpt":{"rendered":"<p>WILO CIRCULATEUR CC STRATOS MAXO DN25\/0,5-8 PN10 L180 230V SANS SONDE TEMPERATURE 2217894<\/p>","protected":false},"featured_media":21017,"comment_status":"open","ping_status":"closed","template":"","meta":[],"product_brand":[],"product_cat":[660],"product_tag":[],"class_list":{"0":"post-15824","1":"product","2":"type-product","3":"status-publish","4":"has-post-thumbnail","6":"product_cat-circulateur","7":"pa_marque-wilo","9":"first","10":"instock","11":"sale","12":"taxable","13":"shipping-taxable","14":"purchasable","15":"product-type-simple"},"aioseo_notices":[],"_links":{"self":[{"href":"https:\/\/promochaudiere.be\/nl\/wp-json\/wp\/v2\/product\/15824","targetHints":{"allow":["GET"]}}],"collection":[{"href":"https:\/\/promochaudiere.be\/nl\/wp-json\/wp\/v2\/product"}],"about":[{"href":"https:\/\/promochaudiere.be\/nl\/wp-json\/wp\/v2\/types\/product"}],"replies":[{"embeddable":true,"href":"https:\/\/promochaudiere.be\/nl\/wp-json\/wp\/v2\/comments?post=15824"}],"version-history":[{"count":1,"href":"https:\/\/promochaudiere.be\/nl\/wp-json\/wp\/v2\/product\/15824\/revisions"}],"predecessor-version":[{"id":52756,"href":"https:\/\/promochaudiere.be\/nl\/wp-json\/wp\/v2\/product\/15824\/revisions\/52756"}],"wp:featuredmedia":[{"embeddable":true,"href":"https:\/\/promochaudiere.be\/nl\/wp-json\/wp\/v2\/media\/21017"}],"wp:attachment":[{"href":"https:\/\/promochaudiere.be\/nl\/wp-json\/wp\/v2\/media?parent=15824"}],"wp:term":[{"taxonomy":"product_brand","embeddable":true,"href":"https:\/\/promochaudiere.be\/nl\/wp-json\/wp\/v2\/product_brand?post=15824"},{"taxonomy":"product_cat","embeddable":true,"href":"https:\/\/promochaudiere.be\/nl\/wp-json\/wp\/v2\/product_cat?post=15824"},{"taxonomy":"product_tag","embeddable":true,"href":"https:\/\/promochaudiere.be\/nl\/wp-json\/wp\/v2\/product_tag?post=15824"}],"curies":[{"name":"wp","href":"https:\/\/api.w.org\/{rel}","templated":true}]}}