{"id":15827,"date":"2025-01-17T10:02:00","date_gmt":"2025-01-17T10:02:00","guid":{"rendered":"https:\/\/promochaudiere.be\/produit\/grundfos-circulateur-chauffage-central-magna3-25-100-l180-6-4-97924247\/"},"modified":"2026-02-03T19:40:16","modified_gmt":"2026-02-03T18:40:16","slug":"grundfos-circulateur-chauffage-central-magna3-25-100-l180-6-4-97924247","status":"publish","type":"product","link":"https:\/\/promochaudiere.be\/nl\/product\/grundfos-circulateur-chauffage-central-magna3-25-100-l180-6-4-97924247\/","title":{"rendered":"Grundfos circulateur  chauffage central magna3 25-100   L180 6\/4  97924247"},"content":{"rendered":"<p>Le circulateur Grundfos Magna3 32-60 est un dispositif innovant permettant d\u2019am\u00e9liorer l\u2019efficacit\u00e9 des circuits de chauffage central. Il r\u00e9gule automatiquement son d\u00e9bit pour une distribution homog\u00e8ne de la chaleur, optimisant ainsi la consommation d\u2019\u00e9nergie. Son installation est simplifi\u00e9e gr\u00e2ce \u00e0 une conception ergonomique et intuitive. Robuste et fiable, il convient parfaitement aux applications domestiques et tertiaires. Un investissement durable pour un chauffage performant et \u00e9conomique.<\/p>","protected":false},"excerpt":{"rendered":"<p>Grundfos circulateur  chauffage central magna3 25-100   L180 6\/4  97924247<\/p>","protected":false},"featured_media":20953,"comment_status":"open","ping_status":"closed","template":"","meta":[],"product_brand":[],"product_cat":[660],"product_tag":[],"class_list":{"0":"post-15827","1":"product","2":"type-product","3":"status-publish","4":"has-post-thumbnail","6":"product_cat-circulateur","7":"pa_marque-grundfos","9":"first","10":"instock","11":"sale","12":"taxable","13":"shipping-taxable","14":"purchasable","15":"product-type-simple"},"aioseo_notices":[],"_links":{"self":[{"href":"https:\/\/promochaudiere.be\/nl\/wp-json\/wp\/v2\/product\/15827","targetHints":{"allow":["GET"]}}],"collection":[{"href":"https:\/\/promochaudiere.be\/nl\/wp-json\/wp\/v2\/product"}],"about":[{"href":"https:\/\/promochaudiere.be\/nl\/wp-json\/wp\/v2\/types\/product"}],"replies":[{"embeddable":true,"href":"https:\/\/promochaudiere.be\/nl\/wp-json\/wp\/v2\/comments?post=15827"}],"version-history":[{"count":1,"href":"https:\/\/promochaudiere.be\/nl\/wp-json\/wp\/v2\/product\/15827\/revisions"}],"predecessor-version":[{"id":44497,"href":"https:\/\/promochaudiere.be\/nl\/wp-json\/wp\/v2\/product\/15827\/revisions\/44497"}],"wp:featuredmedia":[{"embeddable":true,"href":"https:\/\/promochaudiere.be\/nl\/wp-json\/wp\/v2\/media\/20953"}],"wp:attachment":[{"href":"https:\/\/promochaudiere.be\/nl\/wp-json\/wp\/v2\/media?parent=15827"}],"wp:term":[{"taxonomy":"product_brand","embeddable":true,"href":"https:\/\/promochaudiere.be\/nl\/wp-json\/wp\/v2\/product_brand?post=15827"},{"taxonomy":"product_cat","embeddable":true,"href":"https:\/\/promochaudiere.be\/nl\/wp-json\/wp\/v2\/product_cat?post=15827"},{"taxonomy":"product_tag","embeddable":true,"href":"https:\/\/promochaudiere.be\/nl\/wp-json\/wp\/v2\/product_tag?post=15827"}],"curies":[{"name":"wp","href":"https:\/\/api.w.org\/{rel}","templated":true}]}}