{"id":15829,"date":"2025-01-17T10:02:00","date_gmt":"2025-01-17T10:02:00","guid":{"rendered":"https:\/\/promochaudiere.be\/produit\/bosch-grouoe-de-pompage-pour-chaudiere-murale-a-condensation-7000-100kw-7736701865\/"},"modified":"2026-02-03T18:17:15","modified_gmt":"2026-02-03T17:17:15","slug":"bosch-grouoe-de-pompage-pour-chaudiere-murale-a-condensation-7000-100kw-7736701865","status":"publish","type":"product","link":"https:\/\/promochaudiere.be\/nl\/product\/bosch-grouoe-de-pompage-pour-chaudiere-murale-a-condensation-7000-100kw-7736701865\/","title":{"rendered":"BOSCH GROUOE DE POMPAGE POUR CHAUDIERE MURALE A CONDENSATION 7000 100KW 7736701865"},"content":{"rendered":"<p>Le groupe de pompage Bosch pour chaudi\u00e8re murale \u00e0 condensation 7000 100 kW est con\u00e7u pour optimiser le fonctionnement des syst\u00e8mes de chauffage \u00e0 haute performance. Il assure une circulation d&rsquo;eau efficace dans les chaudi\u00e8res \u00e0 condensation, permettant de maintenir une temp\u00e9rature stable tout en garantissant un rendement \u00e9nerg\u00e9tique optimal. Ce groupe de pompage, parfaitement adapt\u00e9 aux chaudi\u00e8res Bosch de la gamme 7000, permet d\u2019am\u00e9liorer l&rsquo;efficacit\u00e9 de l&rsquo;\u00e9change thermique, tout en r\u00e9duisant la consommation d&rsquo;\u00e9nergie et les \u00e9missions de CO2. En outre, sa conception robuste et sa fiabilit\u00e9 assurent une dur\u00e9e de vie prolong\u00e9e et une maintenance simplifi\u00e9e. <\/p>","protected":false},"excerpt":{"rendered":"<p>BOSCH GROUOE DE POMPAGE POUR CHAUDIERE MURALE A CONDENSATION 7000 100KW 7736701865<\/p>","protected":false},"featured_media":20962,"comment_status":"open","ping_status":"closed","template":"","meta":[],"product_brand":[],"product_cat":[9489],"product_tag":[],"class_list":{"0":"post-15829","1":"product","2":"type-product","3":"status-publish","4":"has-post-thumbnail","6":"product_cat-accessoire-de-raccordement-bosch","7":"pa_marque-bosch","9":"first","10":"instock","11":"sale","12":"taxable","13":"shipping-taxable","14":"purchasable","15":"product-type-simple"},"aioseo_notices":[],"_links":{"self":[{"href":"https:\/\/promochaudiere.be\/nl\/wp-json\/wp\/v2\/product\/15829","targetHints":{"allow":["GET"]}}],"collection":[{"href":"https:\/\/promochaudiere.be\/nl\/wp-json\/wp\/v2\/product"}],"about":[{"href":"https:\/\/promochaudiere.be\/nl\/wp-json\/wp\/v2\/types\/product"}],"replies":[{"embeddable":true,"href":"https:\/\/promochaudiere.be\/nl\/wp-json\/wp\/v2\/comments?post=15829"}],"version-history":[{"count":1,"href":"https:\/\/promochaudiere.be\/nl\/wp-json\/wp\/v2\/product\/15829\/revisions"}],"predecessor-version":[{"id":44498,"href":"https:\/\/promochaudiere.be\/nl\/wp-json\/wp\/v2\/product\/15829\/revisions\/44498"}],"wp:featuredmedia":[{"embeddable":true,"href":"https:\/\/promochaudiere.be\/nl\/wp-json\/wp\/v2\/media\/20962"}],"wp:attachment":[{"href":"https:\/\/promochaudiere.be\/nl\/wp-json\/wp\/v2\/media?parent=15829"}],"wp:term":[{"taxonomy":"product_brand","embeddable":true,"href":"https:\/\/promochaudiere.be\/nl\/wp-json\/wp\/v2\/product_brand?post=15829"},{"taxonomy":"product_cat","embeddable":true,"href":"https:\/\/promochaudiere.be\/nl\/wp-json\/wp\/v2\/product_cat?post=15829"},{"taxonomy":"product_tag","embeddable":true,"href":"https:\/\/promochaudiere.be\/nl\/wp-json\/wp\/v2\/product_tag?post=15829"}],"curies":[{"name":"wp","href":"https:\/\/api.w.org\/{rel}","templated":true}]}}