{"id":15830,"date":"2025-01-17T10:02:01","date_gmt":"2025-01-17T10:02:01","guid":{"rendered":"https:\/\/promochaudiere.be\/produit\/grundfos-circulateur-chauffage-central-magna1-25-120-l180-6-4-99221215\/"},"modified":"2026-02-03T18:17:15","modified_gmt":"2026-02-03T17:17:15","slug":"grundfos-circulateur-chauffage-central-magna1-25-120-l180-6-4-99221215","status":"publish","type":"product","link":"https:\/\/promochaudiere.be\/nl\/product\/grundfos-circulateur-chauffage-central-magna1-25-120-l180-6-4-99221215\/","title":{"rendered":"GRUNDFOS CIRCULATEUR CHAUFFAGE CENTRAL MAGNA1 25-120 L180 6\/4&Prime; 99221215"},"content":{"rendered":"<p>Le circulateur Grundfos Magna1 25-80 est con\u00e7u pour offrir un d\u00e9bit \u00e9lev\u00e9 et une r\u00e9gulation pr\u00e9cise du chauffage. Il s\u2019adapte automatiquement aux variations de demande, garantissant ainsi une performance \u00e9nerg\u00e9tique optimale. Son moteur silencieux assure un confort maximal tout en r\u00e9duisant la consommation \u00e9lectrique. Un choix parfait pour les grandes installations n\u00e9cessitant un flux d\u2019eau constant et efficace.<\/p>","protected":false},"excerpt":{"rendered":"<p>GRUNDFOS CIRCULATEUR CHAUFFAGE CENTRAL MAGNA1 25-120 L180 6\/4&Prime; 99221215<\/p>","protected":false},"featured_media":20941,"comment_status":"open","ping_status":"closed","template":"","meta":[],"product_brand":[],"product_cat":[660],"product_tag":[],"class_list":{"0":"post-15830","1":"product","2":"type-product","3":"status-publish","4":"has-post-thumbnail","6":"product_cat-circulateur","7":"pa_marque-grundfos","9":"first","10":"instock","11":"sale","12":"taxable","13":"shipping-taxable","14":"purchasable","15":"product-type-simple"},"aioseo_notices":[],"_links":{"self":[{"href":"https:\/\/promochaudiere.be\/nl\/wp-json\/wp\/v2\/product\/15830","targetHints":{"allow":["GET"]}}],"collection":[{"href":"https:\/\/promochaudiere.be\/nl\/wp-json\/wp\/v2\/product"}],"about":[{"href":"https:\/\/promochaudiere.be\/nl\/wp-json\/wp\/v2\/types\/product"}],"replies":[{"embeddable":true,"href":"https:\/\/promochaudiere.be\/nl\/wp-json\/wp\/v2\/comments?post=15830"}],"version-history":[{"count":1,"href":"https:\/\/promochaudiere.be\/nl\/wp-json\/wp\/v2\/product\/15830\/revisions"}],"predecessor-version":[{"id":44494,"href":"https:\/\/promochaudiere.be\/nl\/wp-json\/wp\/v2\/product\/15830\/revisions\/44494"}],"wp:featuredmedia":[{"embeddable":true,"href":"https:\/\/promochaudiere.be\/nl\/wp-json\/wp\/v2\/media\/20941"}],"wp:attachment":[{"href":"https:\/\/promochaudiere.be\/nl\/wp-json\/wp\/v2\/media?parent=15830"}],"wp:term":[{"taxonomy":"product_brand","embeddable":true,"href":"https:\/\/promochaudiere.be\/nl\/wp-json\/wp\/v2\/product_brand?post=15830"},{"taxonomy":"product_cat","embeddable":true,"href":"https:\/\/promochaudiere.be\/nl\/wp-json\/wp\/v2\/product_cat?post=15830"},{"taxonomy":"product_tag","embeddable":true,"href":"https:\/\/promochaudiere.be\/nl\/wp-json\/wp\/v2\/product_tag?post=15830"}],"curies":[{"name":"wp","href":"https:\/\/api.w.org\/{rel}","templated":true}]}}