{"id":15831,"date":"2025-01-17T10:02:01","date_gmt":"2025-01-17T10:02:01","guid":{"rendered":"https:\/\/promochaudiere.be\/produit\/grundfos-circulateur-chauffage-central-magna3-32-80-l180-2-97924256\/"},"modified":"2026-02-03T18:17:15","modified_gmt":"2026-02-03T17:17:15","slug":"grundfos-circulateur-chauffage-central-magna3-32-80-l180-2-97924256","status":"publish","type":"product","link":"https:\/\/promochaudiere.be\/nl\/product\/grundfos-circulateur-chauffage-central-magna3-32-80-l180-2-97924256\/","title":{"rendered":"Grundfos circulateur  chauffage central magna3 32-80   L180 2  97924256"},"content":{"rendered":"<p>Le circulateur Grundfos Magna3 40-100 est con\u00e7u pour garantir une distribution homog\u00e8ne de la chaleur tout en optimisant la consommation d\u2019\u00e9nergie. Sa r\u00e9gulation intelligente permet un ajustement automatique du d\u00e9bit pour une performance optimale. Son installation simplifi\u00e9e le rend compatible avec divers syst\u00e8mes de chauffage. Fiable et robuste, il assure un fonctionnement longue dur\u00e9e. Une solution parfaite pour un chauffage plus \u00e9conomique et respectueux de l\u2019environnement.<\/p>","protected":false},"excerpt":{"rendered":"<p>Grundfos circulateur  chauffage central magna3 32-80   L180 2  97924256<\/p>","protected":false},"featured_media":20954,"comment_status":"open","ping_status":"closed","template":"","meta":[],"product_brand":[],"product_cat":[660],"product_tag":[],"class_list":{"0":"post-15831","1":"product","2":"type-product","3":"status-publish","4":"has-post-thumbnail","6":"product_cat-circulateur","7":"pa_marque-grundfos","9":"first","10":"instock","11":"sale","12":"taxable","13":"shipping-taxable","14":"purchasable","15":"product-type-simple"},"aioseo_notices":[],"_links":{"self":[{"href":"https:\/\/promochaudiere.be\/nl\/wp-json\/wp\/v2\/product\/15831","targetHints":{"allow":["GET"]}}],"collection":[{"href":"https:\/\/promochaudiere.be\/nl\/wp-json\/wp\/v2\/product"}],"about":[{"href":"https:\/\/promochaudiere.be\/nl\/wp-json\/wp\/v2\/types\/product"}],"replies":[{"embeddable":true,"href":"https:\/\/promochaudiere.be\/nl\/wp-json\/wp\/v2\/comments?post=15831"}],"version-history":[{"count":1,"href":"https:\/\/promochaudiere.be\/nl\/wp-json\/wp\/v2\/product\/15831\/revisions"}],"predecessor-version":[{"id":44495,"href":"https:\/\/promochaudiere.be\/nl\/wp-json\/wp\/v2\/product\/15831\/revisions\/44495"}],"wp:featuredmedia":[{"embeddable":true,"href":"https:\/\/promochaudiere.be\/nl\/wp-json\/wp\/v2\/media\/20954"}],"wp:attachment":[{"href":"https:\/\/promochaudiere.be\/nl\/wp-json\/wp\/v2\/media?parent=15831"}],"wp:term":[{"taxonomy":"product_brand","embeddable":true,"href":"https:\/\/promochaudiere.be\/nl\/wp-json\/wp\/v2\/product_brand?post=15831"},{"taxonomy":"product_cat","embeddable":true,"href":"https:\/\/promochaudiere.be\/nl\/wp-json\/wp\/v2\/product_cat?post=15831"},{"taxonomy":"product_tag","embeddable":true,"href":"https:\/\/promochaudiere.be\/nl\/wp-json\/wp\/v2\/product_tag?post=15831"}],"curies":[{"name":"wp","href":"https:\/\/api.w.org\/{rel}","templated":true}]}}