{"id":15834,"date":"2025-01-17T10:02:02","date_gmt":"2025-01-17T10:02:02","guid":{"rendered":"https:\/\/promochaudiere.be\/produit\/roth-citerne-double-paroi-avec-gaine-en-synthetique-kwt-1500l-1115006504\/"},"modified":"2026-02-03T18:17:15","modified_gmt":"2026-02-03T17:17:15","slug":"roth-citerne-double-paroi-avec-gaine-en-synthetique-kwt-1500l-1115006504","status":"publish","type":"product","link":"https:\/\/promochaudiere.be\/nl\/product\/roth-citerne-double-paroi-avec-gaine-en-synthetique-kwt-1500l-1115006504\/","title":{"rendered":"Roth citerne double paroi avec gaine en synth\u00e9tique KWT 1500L 1115006504"},"content":{"rendered":"<p>Ce mod\u00e8le Roth combine une double paroi en acier et une gaine en synth\u00e9tique pour une protection optimale. Sa capacit\u00e9 de 1500L permet un stockage efficace des liquides. Facile \u00e0 installer, elle garantit une s\u00e9curit\u00e9 accrue contre les fuites.<\/p>","protected":false},"excerpt":{"rendered":"<p>Roth citerne double paroi avec gaine en synth\u00e9tique KWT 1500L 1115006504<\/p>","protected":false},"featured_media":21014,"comment_status":"open","ping_status":"closed","template":"","meta":[],"product_brand":[],"product_cat":[5515],"product_tag":[],"class_list":{"0":"post-15834","1":"product","2":"type-product","3":"status-publish","4":"has-post-thumbnail","6":"product_cat-accessoires-fioul","7":"pa_marque-roth","9":"first","10":"instock","11":"sale","12":"taxable","13":"shipping-taxable","14":"purchasable","15":"product-type-simple"},"aioseo_notices":[],"_links":{"self":[{"href":"https:\/\/promochaudiere.be\/nl\/wp-json\/wp\/v2\/product\/15834","targetHints":{"allow":["GET"]}}],"collection":[{"href":"https:\/\/promochaudiere.be\/nl\/wp-json\/wp\/v2\/product"}],"about":[{"href":"https:\/\/promochaudiere.be\/nl\/wp-json\/wp\/v2\/types\/product"}],"replies":[{"embeddable":true,"href":"https:\/\/promochaudiere.be\/nl\/wp-json\/wp\/v2\/comments?post=15834"}],"version-history":[{"count":1,"href":"https:\/\/promochaudiere.be\/nl\/wp-json\/wp\/v2\/product\/15834\/revisions"}],"predecessor-version":[{"id":52753,"href":"https:\/\/promochaudiere.be\/nl\/wp-json\/wp\/v2\/product\/15834\/revisions\/52753"}],"wp:featuredmedia":[{"embeddable":true,"href":"https:\/\/promochaudiere.be\/nl\/wp-json\/wp\/v2\/media\/21014"}],"wp:attachment":[{"href":"https:\/\/promochaudiere.be\/nl\/wp-json\/wp\/v2\/media?parent=15834"}],"wp:term":[{"taxonomy":"product_brand","embeddable":true,"href":"https:\/\/promochaudiere.be\/nl\/wp-json\/wp\/v2\/product_brand?post=15834"},{"taxonomy":"product_cat","embeddable":true,"href":"https:\/\/promochaudiere.be\/nl\/wp-json\/wp\/v2\/product_cat?post=15834"},{"taxonomy":"product_tag","embeddable":true,"href":"https:\/\/promochaudiere.be\/nl\/wp-json\/wp\/v2\/product_tag?post=15834"}],"curies":[{"name":"wp","href":"https:\/\/api.w.org\/{rel}","templated":true}]}}