{"id":15835,"date":"2025-01-17T10:02:02","date_gmt":"2025-01-17T10:02:02","guid":{"rendered":"https:\/\/promochaudiere.be\/produit\/vaillant-chauffe-bain-turbomag-17l-a-butane-puissance-du-83-a-28kw-hauteur-742-mm-largeur-410-mm-profondeur-322-mm-0010023384\/"},"modified":"2026-02-03T19:40:16","modified_gmt":"2026-02-03T18:40:16","slug":"vaillant-chauffe-bain-turbomag-17l-a-butane-puissance-du-83-a-28kw-hauteur-742-mm-largeur-410-mm-profondeur-322-mm-0010023384","status":"publish","type":"product","link":"https:\/\/promochaudiere.be\/nl\/product\/vaillant-chauffe-bain-turbomag-17l-a-butane-puissance-du-83-a-28kw-hauteur-742-mm-largeur-410-mm-profondeur-322-mm-0010023384\/","title":{"rendered":"Vaillant Chauffe bain Turbomag 17L \u00e0 butane puissance du 8,3 \u00e0 28KW hauteur 742 mm largeur 410 mm profondeur 322 mm 0010023384"},"content":{"rendered":"<p>Ce chauffe-bain Vaillant Turbomag 17L assure une production instantan\u00e9e d\u2019eau chaude. Son fonctionnement au butane garantit une efficacit\u00e9 \u00e9nerg\u00e9tique \u00e9lev\u00e9e. Son design compact facilite son int\u00e9gration dans les espaces restreints. Son allumage \u00e9lectronique assure une mise en service rapide. Id\u00e9al pour un approvisionnement constant en eau chaude. Un choix parfait pour un confort optimal.<\/p>","protected":false},"excerpt":{"rendered":"<p>Vaillant Chauffe bain Turbomag 17L \u00e0 butane puissance du 8,3 \u00e0 28KW hauteur 742 mm largeur 410 mm profondeur 322 mm 0010023384<\/p>","protected":false},"featured_media":22105,"comment_status":"open","ping_status":"closed","template":"","meta":[],"product_brand":[],"product_cat":[528,8840],"product_tag":[],"class_list":{"0":"post-15835","1":"product","2":"type-product","3":"status-publish","4":"has-post-thumbnail","6":"product_cat-chauffe-bain-vaillant-fr","7":"product_cat-test","8":"pa_marque-vaillant","10":"first","11":"instock","12":"sale","13":"taxable","14":"shipping-taxable","15":"purchasable","16":"product-type-simple"},"aioseo_notices":[],"_links":{"self":[{"href":"https:\/\/promochaudiere.be\/nl\/wp-json\/wp\/v2\/product\/15835","targetHints":{"allow":["GET"]}}],"collection":[{"href":"https:\/\/promochaudiere.be\/nl\/wp-json\/wp\/v2\/product"}],"about":[{"href":"https:\/\/promochaudiere.be\/nl\/wp-json\/wp\/v2\/types\/product"}],"replies":[{"embeddable":true,"href":"https:\/\/promochaudiere.be\/nl\/wp-json\/wp\/v2\/comments?post=15835"}],"version-history":[{"count":1,"href":"https:\/\/promochaudiere.be\/nl\/wp-json\/wp\/v2\/product\/15835\/revisions"}],"predecessor-version":[{"id":52752,"href":"https:\/\/promochaudiere.be\/nl\/wp-json\/wp\/v2\/product\/15835\/revisions\/52752"}],"wp:featuredmedia":[{"embeddable":true,"href":"https:\/\/promochaudiere.be\/nl\/wp-json\/wp\/v2\/media\/22105"}],"wp:attachment":[{"href":"https:\/\/promochaudiere.be\/nl\/wp-json\/wp\/v2\/media?parent=15835"}],"wp:term":[{"taxonomy":"product_brand","embeddable":true,"href":"https:\/\/promochaudiere.be\/nl\/wp-json\/wp\/v2\/product_brand?post=15835"},{"taxonomy":"product_cat","embeddable":true,"href":"https:\/\/promochaudiere.be\/nl\/wp-json\/wp\/v2\/product_cat?post=15835"},{"taxonomy":"product_tag","embeddable":true,"href":"https:\/\/promochaudiere.be\/nl\/wp-json\/wp\/v2\/product_tag?post=15835"}],"curies":[{"name":"wp","href":"https:\/\/api.w.org\/{rel}","templated":true}]}}