{"id":15840,"date":"2025-01-17T10:02:04","date_gmt":"2025-01-17T10:02:04","guid":{"rendered":"https:\/\/promochaudiere.be\/produit\/acv-boiler-smart-e-160-inox-erp-classe-b-06618901\/"},"modified":"2026-02-03T19:40:17","modified_gmt":"2026-02-03T18:40:17","slug":"acv-boiler-smart-e-160-inox-erp-classe-b-06618901","status":"publish","type":"product","link":"https:\/\/promochaudiere.be\/nl\/product\/acv-boiler-smart-e-160-inox-erp-classe-b-06618901\/","title":{"rendered":"ACV boiler smart E 160 inox ERP classe B 06618901"},"content":{"rendered":"<p>Le boiler Smart E est un pr\u00e9parateur bi-\u00e9nergie con\u00e7u pour une installation au sol. Dot\u00e9 de la technologie innovante \u00ab\u00a0Tank-in-Tank\u00a0\u00bb, il assure une production d&rsquo;eau chaude sanitaire efficace et hygi\u00e9nique. Ce mod\u00e8le offre la possibilit\u00e9 d&rsquo;int\u00e9grer une r\u00e9sistance \u00e9lectrique de 3 ou 6 kW dans le circuit primaire, \u00e9vitant ainsi l&rsquo;entartrage et garantissant une durabilit\u00e9 accrue. Son isolation en mousse de polyur\u00e9thane rigide de haute qualit\u00e9, associ\u00e9e \u00e0 une jaquette ext\u00e9rieure en polypropyl\u00e8ne \u00e9pais et r\u00e9sistant aux chocs, assure une excellente conservation de la chaleur et une robustesse optimale. Avec une capacit\u00e9 de 161 litres, le Smart E 160 est id\u00e9al pour les foyers recherchant une solution performante et fiable pour leur production d&rsquo;eau chaude sanitaire.<\/p>","protected":false},"excerpt":{"rendered":"<p>ACV boiler smart E 160 inox ERP classe B 06618901<\/p>","protected":false},"featured_media":20605,"comment_status":"open","ping_status":"closed","template":"","meta":[],"product_brand":[],"product_cat":[10965],"product_tag":[],"class_list":{"0":"post-15840","1":"product","2":"type-product","3":"status-publish","4":"has-post-thumbnail","6":"product_cat-acv","7":"pa_marque-acv","9":"first","10":"instock","11":"sale","12":"taxable","13":"shipping-taxable","14":"purchasable","15":"product-type-simple"},"aioseo_notices":[],"_links":{"self":[{"href":"https:\/\/promochaudiere.be\/nl\/wp-json\/wp\/v2\/product\/15840","targetHints":{"allow":["GET"]}}],"collection":[{"href":"https:\/\/promochaudiere.be\/nl\/wp-json\/wp\/v2\/product"}],"about":[{"href":"https:\/\/promochaudiere.be\/nl\/wp-json\/wp\/v2\/types\/product"}],"replies":[{"embeddable":true,"href":"https:\/\/promochaudiere.be\/nl\/wp-json\/wp\/v2\/comments?post=15840"}],"version-history":[{"count":1,"href":"https:\/\/promochaudiere.be\/nl\/wp-json\/wp\/v2\/product\/15840\/revisions"}],"predecessor-version":[{"id":44488,"href":"https:\/\/promochaudiere.be\/nl\/wp-json\/wp\/v2\/product\/15840\/revisions\/44488"}],"wp:featuredmedia":[{"embeddable":true,"href":"https:\/\/promochaudiere.be\/nl\/wp-json\/wp\/v2\/media\/20605"}],"wp:attachment":[{"href":"https:\/\/promochaudiere.be\/nl\/wp-json\/wp\/v2\/media?parent=15840"}],"wp:term":[{"taxonomy":"product_brand","embeddable":true,"href":"https:\/\/promochaudiere.be\/nl\/wp-json\/wp\/v2\/product_brand?post=15840"},{"taxonomy":"product_cat","embeddable":true,"href":"https:\/\/promochaudiere.be\/nl\/wp-json\/wp\/v2\/product_cat?post=15840"},{"taxonomy":"product_tag","embeddable":true,"href":"https:\/\/promochaudiere.be\/nl\/wp-json\/wp\/v2\/product_tag?post=15840"}],"curies":[{"name":"wp","href":"https:\/\/api.w.org\/{rel}","templated":true}]}}