{"id":15841,"date":"2025-01-17T10:02:04","date_gmt":"2025-01-17T10:02:04","guid":{"rendered":"https:\/\/promochaudiere.be\/produit\/grundfos-circulateur-chauffage-central-magna1-40-60f-l220-pn6-10-99221292\/"},"modified":"2026-02-03T18:17:16","modified_gmt":"2026-02-03T17:17:16","slug":"grundfos-circulateur-chauffage-central-magna1-40-60f-l220-pn6-10-99221292","status":"publish","type":"product","link":"https:\/\/promochaudiere.be\/nl\/product\/grundfos-circulateur-chauffage-central-magna1-40-60f-l220-pn6-10-99221292\/","title":{"rendered":"Grundfos circulateur  chauffage central magna1 40-60F   L220 PN6\/10 99221292"},"content":{"rendered":"<p>Le circulateur Grundfos Magna1 65-80 est con\u00e7u pour assurer une circulation fluide et homog\u00e8ne de l\u2019eau dans les installations de chauffage. Gr\u00e2ce \u00e0 sa r\u00e9gulation automatique, il adapte son d\u00e9bit pour une efficacit\u00e9 \u00e9nerg\u00e9tique maximale. Son moteur basse consommation garantit une r\u00e9duction des co\u00fbts de fonctionnement. Facile \u00e0 installer et entretenir, il est parfait pour les grands syst\u00e8mes de chauffage n\u00e9cessitant une r\u00e9gulation pr\u00e9cise.<\/p>","protected":false},"excerpt":{"rendered":"<p>Grundfos circulateur  chauffage central magna1 40-60F   L220 PN6\/10 99221292<\/p>","protected":false},"featured_media":20947,"comment_status":"open","ping_status":"closed","template":"","meta":[],"product_brand":[],"product_cat":[660],"product_tag":[],"class_list":{"0":"post-15841","1":"product","2":"type-product","3":"status-publish","4":"has-post-thumbnail","6":"product_cat-circulateur","7":"pa_marque-grundfos","9":"first","10":"instock","11":"sale","12":"taxable","13":"shipping-taxable","14":"purchasable","15":"product-type-simple"},"aioseo_notices":[],"_links":{"self":[{"href":"https:\/\/promochaudiere.be\/nl\/wp-json\/wp\/v2\/product\/15841","targetHints":{"allow":["GET"]}}],"collection":[{"href":"https:\/\/promochaudiere.be\/nl\/wp-json\/wp\/v2\/product"}],"about":[{"href":"https:\/\/promochaudiere.be\/nl\/wp-json\/wp\/v2\/types\/product"}],"replies":[{"embeddable":true,"href":"https:\/\/promochaudiere.be\/nl\/wp-json\/wp\/v2\/comments?post=15841"}],"version-history":[{"count":1,"href":"https:\/\/promochaudiere.be\/nl\/wp-json\/wp\/v2\/product\/15841\/revisions"}],"predecessor-version":[{"id":44489,"href":"https:\/\/promochaudiere.be\/nl\/wp-json\/wp\/v2\/product\/15841\/revisions\/44489"}],"wp:featuredmedia":[{"embeddable":true,"href":"https:\/\/promochaudiere.be\/nl\/wp-json\/wp\/v2\/media\/20947"}],"wp:attachment":[{"href":"https:\/\/promochaudiere.be\/nl\/wp-json\/wp\/v2\/media?parent=15841"}],"wp:term":[{"taxonomy":"product_brand","embeddable":true,"href":"https:\/\/promochaudiere.be\/nl\/wp-json\/wp\/v2\/product_brand?post=15841"},{"taxonomy":"product_cat","embeddable":true,"href":"https:\/\/promochaudiere.be\/nl\/wp-json\/wp\/v2\/product_cat?post=15841"},{"taxonomy":"product_tag","embeddable":true,"href":"https:\/\/promochaudiere.be\/nl\/wp-json\/wp\/v2\/product_tag?post=15841"}],"curies":[{"name":"wp","href":"https:\/\/api.w.org\/{rel}","templated":true}]}}