{"id":15842,"date":"2025-01-17T10:02:04","date_gmt":"2025-01-17T10:02:04","guid":{"rendered":"https:\/\/promochaudiere.be\/produit\/grundfos-circulateur-chauffage-central-magna3-25-120-l180-6-4-97924248\/"},"modified":"2026-02-03T19:40:17","modified_gmt":"2026-02-03T18:40:17","slug":"grundfos-circulateur-chauffage-central-magna3-25-120-l180-6-4-97924248","status":"publish","type":"product","link":"https:\/\/promochaudiere.be\/nl\/product\/grundfos-circulateur-chauffage-central-magna3-25-120-l180-6-4-97924248\/","title":{"rendered":"GRUNDFOS CIRCULATEUR CHAUFFAGE CENTRAL MAGNA3 25-120 L180 6\/4&Prime; 97924248"},"content":{"rendered":"<p>Le circulateur Grundfos Magna3 32-100 est con\u00e7u pour optimiser la circulation d\u2019eau dans les syst\u00e8mes de chauffage central. Gr\u00e2ce \u00e0 sa technologie intelligente, il ajuste automatiquement son d\u00e9bit en fonction des besoins pour une efficacit\u00e9 \u00e9nerg\u00e9tique maximale. Son moteur haute performance assure un fonctionnement silencieux et fiable. Facile \u00e0 installer, il est id\u00e9al pour les applications domestiques et tertiaires. Un \u00e9quipement essentiel pour un chauffage \u00e9conomique et performant.<\/p>","protected":false},"excerpt":{"rendered":"<p>GRUNDFOS CIRCULATEUR CHAUFFAGE CENTRAL MAGNA3 25-120 L180 6\/4&Prime; 97924248<\/p>","protected":false},"featured_media":20951,"comment_status":"open","ping_status":"closed","template":"","meta":[],"product_brand":[],"product_cat":[660],"product_tag":[],"class_list":{"0":"post-15842","1":"product","2":"type-product","3":"status-publish","4":"has-post-thumbnail","6":"product_cat-circulateur","7":"pa_marque-grundfos","9":"first","10":"instock","11":"sale","12":"taxable","13":"shipping-taxable","14":"purchasable","15":"product-type-simple"},"aioseo_notices":[],"_links":{"self":[{"href":"https:\/\/promochaudiere.be\/nl\/wp-json\/wp\/v2\/product\/15842","targetHints":{"allow":["GET"]}}],"collection":[{"href":"https:\/\/promochaudiere.be\/nl\/wp-json\/wp\/v2\/product"}],"about":[{"href":"https:\/\/promochaudiere.be\/nl\/wp-json\/wp\/v2\/types\/product"}],"replies":[{"embeddable":true,"href":"https:\/\/promochaudiere.be\/nl\/wp-json\/wp\/v2\/comments?post=15842"}],"version-history":[{"count":1,"href":"https:\/\/promochaudiere.be\/nl\/wp-json\/wp\/v2\/product\/15842\/revisions"}],"predecessor-version":[{"id":44490,"href":"https:\/\/promochaudiere.be\/nl\/wp-json\/wp\/v2\/product\/15842\/revisions\/44490"}],"wp:featuredmedia":[{"embeddable":true,"href":"https:\/\/promochaudiere.be\/nl\/wp-json\/wp\/v2\/media\/20951"}],"wp:attachment":[{"href":"https:\/\/promochaudiere.be\/nl\/wp-json\/wp\/v2\/media?parent=15842"}],"wp:term":[{"taxonomy":"product_brand","embeddable":true,"href":"https:\/\/promochaudiere.be\/nl\/wp-json\/wp\/v2\/product_brand?post=15842"},{"taxonomy":"product_cat","embeddable":true,"href":"https:\/\/promochaudiere.be\/nl\/wp-json\/wp\/v2\/product_cat?post=15842"},{"taxonomy":"product_tag","embeddable":true,"href":"https:\/\/promochaudiere.be\/nl\/wp-json\/wp\/v2\/product_tag?post=15842"}],"curies":[{"name":"wp","href":"https:\/\/api.w.org\/{rel}","templated":true}]}}