{"id":15844,"date":"2025-01-17T10:02:05","date_gmt":"2025-01-17T10:02:05","guid":{"rendered":"https:\/\/promochaudiere.be\/produit\/remeha-boiler-chauffage-hera-condens-lava-160l-classe-erp-b-profil-soutirage-xxl-7616405\/"},"modified":"2026-02-03T18:17:16","modified_gmt":"2026-02-03T17:17:16","slug":"remeha-boiler-chauffage-hera-condens-lava-160l-classe-erp-b-profil-soutirage-xxl-7616405","status":"publish","type":"product","link":"https:\/\/promochaudiere.be\/nl\/product\/remeha-boiler-chauffage-hera-condens-lava-160l-classe-erp-b-profil-soutirage-xxl-7616405\/","title":{"rendered":"REMEHA BOILER CHAUFFAGE HERA CONDENS\/LAVA 160L CLASSE ERP B PROFIL SOUTIRAGE XXL 7616405"},"content":{"rendered":"<p>Ce boiler Remeha Hera Condens\/Lava de 160 litres assure un approvisionnement constant en eau chaude. Il est con\u00e7u pour une int\u00e9gration avec les chaudi\u00e8res \u00e0 condensation, garantissant un excellent rendement \u00e9nerg\u00e9tique. Son isolation performante r\u00e9duit les pertes thermiques, optimisant ainsi la consommation d\u2019\u00e9nergie. Sa conception robuste garantit une longue dur\u00e9e de vie et une installation facile. Id\u00e9al pour les applications domestiques et tertiaires. Une solution efficace pour un confort thermique optimal.<\/p>","protected":false},"excerpt":{"rendered":"<p>REMEHA BOILER CHAUFFAGE HERA CONDENS\/LAVA 160L CLASSE ERP B PROFIL SOUTIRAGE XXL 7616405<\/p>","protected":false},"featured_media":20990,"comment_status":"open","ping_status":"closed","template":"","meta":[],"product_brand":[],"product_cat":[10980],"product_tag":[],"class_list":{"0":"post-15844","1":"product","2":"type-product","3":"status-publish","4":"has-post-thumbnail","6":"product_cat-remeha-fr","7":"pa_marque-remeha","9":"first","10":"instock","11":"sale","12":"taxable","13":"shipping-taxable","14":"purchasable","15":"product-type-simple"},"aioseo_notices":[],"_links":{"self":[{"href":"https:\/\/promochaudiere.be\/nl\/wp-json\/wp\/v2\/product\/15844","targetHints":{"allow":["GET"]}}],"collection":[{"href":"https:\/\/promochaudiere.be\/nl\/wp-json\/wp\/v2\/product"}],"about":[{"href":"https:\/\/promochaudiere.be\/nl\/wp-json\/wp\/v2\/types\/product"}],"replies":[{"embeddable":true,"href":"https:\/\/promochaudiere.be\/nl\/wp-json\/wp\/v2\/comments?post=15844"}],"version-history":[{"count":1,"href":"https:\/\/promochaudiere.be\/nl\/wp-json\/wp\/v2\/product\/15844\/revisions"}],"predecessor-version":[{"id":44487,"href":"https:\/\/promochaudiere.be\/nl\/wp-json\/wp\/v2\/product\/15844\/revisions\/44487"}],"wp:featuredmedia":[{"embeddable":true,"href":"https:\/\/promochaudiere.be\/nl\/wp-json\/wp\/v2\/media\/20990"}],"wp:attachment":[{"href":"https:\/\/promochaudiere.be\/nl\/wp-json\/wp\/v2\/media?parent=15844"}],"wp:term":[{"taxonomy":"product_brand","embeddable":true,"href":"https:\/\/promochaudiere.be\/nl\/wp-json\/wp\/v2\/product_brand?post=15844"},{"taxonomy":"product_cat","embeddable":true,"href":"https:\/\/promochaudiere.be\/nl\/wp-json\/wp\/v2\/product_cat?post=15844"},{"taxonomy":"product_tag","embeddable":true,"href":"https:\/\/promochaudiere.be\/nl\/wp-json\/wp\/v2\/product_tag?post=15844"}],"curies":[{"name":"wp","href":"https:\/\/api.w.org\/{rel}","templated":true}]}}