{"id":15847,"date":"2025-01-17T10:02:06","date_gmt":"2025-01-17T10:02:06","guid":{"rendered":"https:\/\/promochaudiere.be\/produit\/reflex-vase-dexpansion-cc-n-500l-15kg-gris-6bar-8218300\/"},"modified":"2026-02-03T18:17:16","modified_gmt":"2026-02-03T17:17:16","slug":"reflex-vase-dexpansion-cc-n-500l-15kg-gris-6bar-8218300","status":"publish","type":"product","link":"https:\/\/promochaudiere.be\/nl\/product\/reflex-vase-dexpansion-cc-n-500l-15kg-gris-6bar-8218300\/","title":{"rendered":"REFLEX VASE D&rsquo;EXPANSION CC N 500L 1,5KG GRIS 6BAR 8218300"},"content":{"rendered":"<p>Le vase Reflex N500 de 500 litres est id\u00e9al pour les syst\u00e8mes de chauffage de grande envergure. Il absorbe efficacement les variations de pression et pr\u00e9serve les installations contre les dommages li\u00e9s aux surpressions. Sa conception robuste assure une longue dur\u00e9e de vie et un fonctionnement sans entretien. Un accessoire cl\u00e9 pour une gestion thermique optimale.<\/p>","protected":false},"excerpt":{"rendered":"<p>REFLEX VASE D&rsquo;EXPANSION CC N 500L 1,5KG GRIS 6BAR 8218300<\/p>","protected":false},"featured_media":22832,"comment_status":"open","ping_status":"closed","template":"","meta":[],"product_brand":[],"product_cat":[11001],"product_tag":[],"class_list":{"0":"post-15847","1":"product","2":"type-product","3":"status-publish","4":"has-post-thumbnail","6":"product_cat-vase-dexpansion-chauffage","8":"first","9":"instock","10":"sale","11":"taxable","12":"shipping-taxable","13":"purchasable","14":"product-type-simple"},"aioseo_notices":[],"_links":{"self":[{"href":"https:\/\/promochaudiere.be\/nl\/wp-json\/wp\/v2\/product\/15847","targetHints":{"allow":["GET"]}}],"collection":[{"href":"https:\/\/promochaudiere.be\/nl\/wp-json\/wp\/v2\/product"}],"about":[{"href":"https:\/\/promochaudiere.be\/nl\/wp-json\/wp\/v2\/types\/product"}],"replies":[{"embeddable":true,"href":"https:\/\/promochaudiere.be\/nl\/wp-json\/wp\/v2\/comments?post=15847"}],"version-history":[{"count":1,"href":"https:\/\/promochaudiere.be\/nl\/wp-json\/wp\/v2\/product\/15847\/revisions"}],"predecessor-version":[{"id":52747,"href":"https:\/\/promochaudiere.be\/nl\/wp-json\/wp\/v2\/product\/15847\/revisions\/52747"}],"wp:featuredmedia":[{"embeddable":true,"href":"https:\/\/promochaudiere.be\/nl\/wp-json\/wp\/v2\/media\/22832"}],"wp:attachment":[{"href":"https:\/\/promochaudiere.be\/nl\/wp-json\/wp\/v2\/media?parent=15847"}],"wp:term":[{"taxonomy":"product_brand","embeddable":true,"href":"https:\/\/promochaudiere.be\/nl\/wp-json\/wp\/v2\/product_brand?post=15847"},{"taxonomy":"product_cat","embeddable":true,"href":"https:\/\/promochaudiere.be\/nl\/wp-json\/wp\/v2\/product_cat?post=15847"},{"taxonomy":"product_tag","embeddable":true,"href":"https:\/\/promochaudiere.be\/nl\/wp-json\/wp\/v2\/product_tag?post=15847"}],"curies":[{"name":"wp","href":"https:\/\/api.w.org\/{rel}","templated":true}]}}