{"id":15848,"date":"2025-01-17T10:02:06","date_gmt":"2025-01-17T10:02:06","guid":{"rendered":"https:\/\/promochaudiere.be\/produit\/daalderop-boiler-electrique-en-cuivre-80l-25kw-itho-230v-classe-erp-c-profil-soutirage-m-0300782\/"},"modified":"2026-02-03T18:17:17","modified_gmt":"2026-02-03T17:17:17","slug":"itho-daalderop-boiler-electrique-en-cuivre-80l-25kw-230v-classe-erp-c-profil-soutirage-m-0300782","status":"publish","type":"product","link":"https:\/\/promochaudiere.be\/nl\/product\/itho-daalderop-boiler-electrique-en-cuivre-80l-25kw-230v-classe-erp-c-profil-soutirage-m-0300782\/","title":{"rendered":"Itho Daalderop boiler \u00e9lectrique en cuivre 80L 2,5KW 230V classe ERP C profil soutirage M 0300782"},"content":{"rendered":"<p>Le boiler \u00e9lectrique Itho Daalderop est une solution compacte et efficace pour la production d\u2019eau chaude sanitaire. Il fonctionne sous une tension de 230V et est class\u00e9 ErP C, garantissant ainsi une consommation \u00e9nerg\u00e9tique optimis\u00e9e et un impact environnemental r\u00e9duit. Gr\u00e2ce \u00e0 sa capacit\u00e9 de 80 litres, il convient parfaitement pour des foyers de taille moyenne ou des petites installations, offrant une performance adapt\u00e9e \u00e0 un profil de soutirage M. Le r\u00e9servoir en cuivre assure une excellente durabilit\u00e9 et une bonne conductivit\u00e9 thermique, permettant une production rapide et continue d&rsquo;eau chaude tout en maintenant une faible consommation d&rsquo;\u00e9nergie.<\/p>","protected":false},"excerpt":{"rendered":"<p>Itho Daalderop boiler \u00e9lectrique en cuivre 80L 2,5KW 230V classe ERP C profil soutirage M 0300782<\/p>","protected":false},"featured_media":20801,"comment_status":"open","ping_status":"closed","template":"","meta":[],"product_brand":[],"product_cat":[5531],"product_tag":[],"class_list":{"0":"post-15848","1":"product","2":"type-product","3":"status-publish","4":"has-post-thumbnail","6":"product_cat-boiler-itho-daalderop-fr","7":"pa_marque-itho-daalderop","9":"first","10":"instock","11":"sale","12":"taxable","13":"shipping-taxable","14":"purchasable","15":"product-type-simple"},"aioseo_notices":[],"_links":{"self":[{"href":"https:\/\/promochaudiere.be\/nl\/wp-json\/wp\/v2\/product\/15848","targetHints":{"allow":["GET"]}}],"collection":[{"href":"https:\/\/promochaudiere.be\/nl\/wp-json\/wp\/v2\/product"}],"about":[{"href":"https:\/\/promochaudiere.be\/nl\/wp-json\/wp\/v2\/types\/product"}],"replies":[{"embeddable":true,"href":"https:\/\/promochaudiere.be\/nl\/wp-json\/wp\/v2\/comments?post=15848"}],"version-history":[{"count":2,"href":"https:\/\/promochaudiere.be\/nl\/wp-json\/wp\/v2\/product\/15848\/revisions"}],"predecessor-version":[{"id":44485,"href":"https:\/\/promochaudiere.be\/nl\/wp-json\/wp\/v2\/product\/15848\/revisions\/44485"}],"wp:featuredmedia":[{"embeddable":true,"href":"https:\/\/promochaudiere.be\/nl\/wp-json\/wp\/v2\/media\/20801"}],"wp:attachment":[{"href":"https:\/\/promochaudiere.be\/nl\/wp-json\/wp\/v2\/media?parent=15848"}],"wp:term":[{"taxonomy":"product_brand","embeddable":true,"href":"https:\/\/promochaudiere.be\/nl\/wp-json\/wp\/v2\/product_brand?post=15848"},{"taxonomy":"product_cat","embeddable":true,"href":"https:\/\/promochaudiere.be\/nl\/wp-json\/wp\/v2\/product_cat?post=15848"},{"taxonomy":"product_tag","embeddable":true,"href":"https:\/\/promochaudiere.be\/nl\/wp-json\/wp\/v2\/product_tag?post=15848"}],"curies":[{"name":"wp","href":"https:\/\/api.w.org\/{rel}","templated":true}]}}